{"id":4961,"date":"2025-07-02T11:13:59","date_gmt":"2025-07-02T11:13:59","guid":{"rendered":"https:\/\/www.vaseuzemneni.cz\/?page_id=4961"},"modified":"2025-07-02T11:14:33","modified_gmt":"2025-07-02T11:14:33","slug":"clanky-ouzemneni-v-ceskych-mediich","status":"publish","type":"page","link":"https:\/\/www.vaseuzemneni.cz\/sk\/clanky-ouzemneni-v-ceskych-mediich\/","title":{"rendered":"\u010cl\u00e1nky v&nbsp;m\u00e9di\u00edch"},"content":{"rendered":"<div data-elementor-type=\"wp-page\" data-elementor-id=\"4961\" class=\"elementor elementor-4961\" data-elementor-post-type=\"page\">\n\t\t\t\t\t\t<section class=\"elementor-section elementor-top-section elementor-element elementor-element-20334bd elementor-section-boxed elementor-section-height-default elementor-section-height-default\" data-id=\"20334bd\" data-element_type=\"section\" data-settings=\"{&quot;background_background&quot;:&quot;classic&quot;}\">\n\t\t\t\t\t\t<div class=\"elementor-container elementor-column-gap-default\">\n\t\t\t\t\t<div class=\"elementor-column elementor-col-100 elementor-top-column elementor-element elementor-element-7d471a5\" data-id=\"7d471a5\" data-element_type=\"column\">\n\t\t\t<div class=\"elementor-widget-wrap elementor-element-populated\">\n\t\t\t\t\t\t<div class=\"elementor-element elementor-element-c685f13 elementor-widget elementor-widget-heading\" data-id=\"c685f13\" data-element_type=\"widget\" data-widget_type=\"heading.default\">\n\t\t\t\t<div class=\"elementor-widget-container\">\n\t\t\t\t\t<h1 class=\"elementor-heading-title elementor-size-default\">\u010cl\u00e1nky o&nbsp;uzemn\u011bn\u00ed t\u011bla<\/h1>\t\t\t\t<\/div>\n\t\t\t\t<\/div>\n\t\t\t\t<div class=\"elementor-element elementor-element-bac0500 elementor-widget elementor-widget-text-editor\" data-id=\"bac0500\" data-element_type=\"widget\" data-widget_type=\"text-editor.default\">\n\t\t\t\t<div class=\"elementor-widget-container\">\n\t\t\t\t\t\t\t\t\t<h2 style=\"text-align: center;\">V \u010desk\u00fdch m\u00e9di\u00edch<\/h2><h3>The Epoch Times<\/h3><p>2019 &#8211; <a href=\"https:\/\/www.epochtimes.cz\/2019\/07\/22\/muze-chuze-naboso-opravdu-zlepsit-zdravi\/\">M\u016f\u017ee ch\u016fze naboso opravdu zlep\u0161it zdrav\u00ed?<\/a><\/p><p>2017 &#8211; <a href=\"https:\/\/www.epochtimes.cz\/2011042316703\/Kontakt-se-zemi-co-to-vlastne-znamena-byt-uzemnen.html\">Kontakt se zem\u00ed \u2013 co to vlastn\u011b znamen\u00e1 b\u00fdt uzemn\u011bn?<\/a><\/p><p>2012 &#8211; <a href=\"https:\/\/www.epochtimes.cz\/2012062019700\/Kontakt-cloveka-se-zemi-muze-slouzit-jako-lecebny-prostredek.html\">Kontakt \u010dlov\u011bka se zem\u00ed m\u016f\u017ee slou\u017eit jako l\u00e9\u010debn\u00fd prost\u0159edek<\/a><\/p><h3>\u010casopis Medu\u0148ka<\/h3><p>2016 &#8211; <a href=\"https:\/\/www.vaseuzemneni-info.cz\/wp-content\/uploads\/2021\/06\/medunka_052016.pdf\">Nohy na zem! (\u010dl\u00e1nek ve form\u00e1tu PDF)<\/a>\u00a0<\/p><h3>Prav\u00fd dom\u00e1c\u00ed \u010dasopis<\/h3><p>2016 &#8211; <a href=\"https:\/\/www.vaseuzemneni-info.cz\/wp-content\/uploads\/2021\/06\/PDC_032016.pdf\">Travi\u010dka, bah\u00fdnko, nic mi nen\u00ed ciz\u00ed (\u010dl\u00e1nek ve form\u00e1tu PDF)<\/a><\/p><h3>B\u011bhejSrdcem.cz<\/h3><p>2020 &#8211; <a href=\"https:\/\/behejsrdcem.cz\/clanky\/nejprehlizenejsi-a-nejlevnejsi-zpusob-jak-snizit-chronicke-zanety-bolest-i-deprese\/\">Nejp\u0159ehl\u00ed\u017een\u011bj\u0161\u00ed a&nbsp;nejlevn\u011bj\u0161\u00ed zp\u016fsob, jak sn\u00ed\u017eit chronick\u00e9 z\u00e1n\u011bty, bolest i&nbsp;deprese<\/a><\/p><h3>Moderni-devce.cz<\/h3><p><a href=\"https:\/\/www.moderni-devce.cz\/proc-je-kontakt-kuze-s-energii-zeme-zdravy\/\">Metody uzemn\u011bn\u00ed \u2013 pro\u010d je kontakt k\u016f\u017ee s&nbsp;energi\u00ed Zem\u011b zdrav\u00fd<\/a><\/p>\t\t\t\t\t\t\t\t<\/div>\n\t\t\t\t<\/div>\n\t\t\t\t\t<\/div>\n\t\t<\/div>\n\t\t\t\t\t<\/div>\n\t\t<\/section>\n\t\t\t\t<\/div>","protected":false},"excerpt":{"rendered":"<p>\u010cl\u00e1nky o&nbsp;uzemn\u011bn\u00ed t\u011bla V&nbsp;\u010desk\u00fdch m\u00e9di\u00edch The Epoch Times 2019 &#8211; M\u016f\u017ee ch\u016fze naboso opravdu zlep\u0161it zdrav\u00ed? 2017 &#8211; Kontakt se zem\u00ed \u2013 co to vlastn\u011b znamen\u00e1 b\u00fdt uzemn\u011bn? 2012 &#8211; Kontakt \u010dlov\u011bka se zem\u00ed m\u016f\u017ee slou\u017eit jako l\u00e9\u010debn\u00fd prost\u0159edek \u010casopis Medu\u0148ka 2016 &#8211; Nohy na zem! (\u010dl\u00e1nek ve form\u00e1tu PDF)\u00a0 Prav\u00fd dom\u00e1c\u00ed \u010dasopis 2016 [&hellip;]<\/p>\n","protected":false},"author":1,"featured_media":0,"parent":0,"menu_order":0,"comment_status":"closed","ping_status":"closed","template":"","meta":{"_acf_changed":false,"inline_featured_image":false,"footnotes":""},"class_list":["post-4961","page","type-page","status-publish","hentry"],"acf":[],"yoast_head":"<!-- This site is optimized with the Yoast SEO plugin v27.3 - https:\/\/yoast.com\/product\/yoast-seo-wordpress\/ -->\n<title>\u010cl\u00e1nky v m\u00e9di\u00edch - Va\u0161eUzemn\u011bn\u00ed.cz - Uzem\u0148ovac\u00ed prost\u011bradla a podlo\u017eky<\/title>\n<meta name=\"robots\" content=\"index, follow, max-snippet:-1, max-image-preview:large, max-video-preview:-1\" \/>\n<link rel=\"canonical\" href=\"https:\/\/www.vaseuzemneni.cz\/sk\/clanky-ouzemneni-v-ceskych-mediich\/\" \/>\n<script type=\"application\/ld+json\" class=\"yoast-schema-graph\">{\"@context\":\"https:\\\/\\\/schema.org\",\"@graph\":[{\"@type\":\"BreadcrumbList\",\"@id\":\"https:\\\/\\\/www.vaseuzemneni.cz\\\/clanky-ouzemneni-v-ceskych-mediich\\\/#breadcrumb\",\"itemListElement\":[{\"@type\":\"ListItem\",\"position\":1,\"name\":\"Dom\u016f\",\"item\":\"https:\\\/\\\/www.vaseuzemneni.cz\\\/\"},{\"@type\":\"ListItem\",\"position\":2,\"name\":\"\u010cl\u00e1nky v&nbsp;m\u00e9di\u00edch\"}]}]}<\/script>\n<!-- \/ Yoast SEO plugin. -->","yoast_head_json":{"title":"\u010cl\u00e1nky v m\u00e9di\u00edch - Va\u0161eUzemn\u011bn\u00ed.cz - Uzem\u0148ovac\u00ed prost\u011bradla a podlo\u017eky","robots":{"index":"index","follow":"follow","max-snippet":"max-snippet:-1","max-image-preview":"max-image-preview:large","max-video-preview":"max-video-preview:-1"},"canonical":"https:\/\/www.vaseuzemneni.cz\/sk\/clanky-ouzemneni-v-ceskych-mediich\/","schema":{"@context":"https:\/\/schema.org","@graph":[{"@type":"BreadcrumbList","@id":"https:\/\/www.vaseuzemneni.cz\/clanky-ouzemneni-v-ceskych-mediich\/#breadcrumb","itemListElement":[{"@type":"ListItem","position":1,"name":"Dom\u016f","item":"https:\/\/www.vaseuzemneni.cz\/"},{"@type":"ListItem","position":2,"name":"\u010cl\u00e1nky v&nbsp;m\u00e9di\u00edch"}]}]}},"_links":{"self":[{"href":"https:\/\/www.vaseuzemneni.cz\/sk\/wp-json\/wp\/v2\/pages\/4961","targetHints":{"allow":["GET"]}}],"collection":[{"href":"https:\/\/www.vaseuzemneni.cz\/sk\/wp-json\/wp\/v2\/pages"}],"about":[{"href":"https:\/\/www.vaseuzemneni.cz\/sk\/wp-json\/wp\/v2\/types\/page"}],"author":[{"embeddable":true,"href":"https:\/\/www.vaseuzemneni.cz\/sk\/wp-json\/wp\/v2\/users\/1"}],"replies":[{"embeddable":true,"href":"https:\/\/www.vaseuzemneni.cz\/sk\/wp-json\/wp\/v2\/comments?post=4961"}],"version-history":[{"count":5,"href":"https:\/\/www.vaseuzemneni.cz\/sk\/wp-json\/wp\/v2\/pages\/4961\/revisions"}],"predecessor-version":[{"id":4966,"href":"https:\/\/www.vaseuzemneni.cz\/sk\/wp-json\/wp\/v2\/pages\/4961\/revisions\/4966"}],"wp:attachment":[{"href":"https:\/\/www.vaseuzemneni.cz\/sk\/wp-json\/wp\/v2\/media?parent=4961"}],"curies":[{"name":"wp","href":"https:\/\/api.w.org\/{rel}","templated":true}]}}