{"id":2064,"date":"2021-03-21T13:23:50","date_gmt":"2021-03-21T13:23:50","guid":{"rendered":"https:\/\/www.vaseuzemneni.cz\/?post_type=product&#038;p=2064"},"modified":"2026-04-06T19:24:30","modified_gmt":"2026-04-06T19:24:30","slug":"uzemnujici-zasuvka-s-kabelem","status":"publish","type":"product","link":"https:\/\/www.vaseuzemneni.cz\/sk\/produkt\/uzemnujici-zasuvka-s-kabelem\/","title":{"rendered":"Uzem\u0148uj\u00edc\u00ed z\u00e1suvka s&nbsp;kabelem"},"content":{"rendered":"<p>Uzem\u0148ovac\u00ed z\u00e1str\u010dka s&nbsp;plastov\u00fdmi kol\u00edky, speci\u00e1ln\u00ed koncovkou a&nbsp;4 metry dlouh\u00fdm kabelem. Z\u00e1suvka m\u00e1 dv\u011b zd\u00ed\u0159ky, je tedy mo\u017en\u00e9 napojit 2 r\u016fzn\u00e9 produkty najednou.<\/p>\n<p><span class=\"hps\">Z\u00e1suvka je typu Schuko a&nbsp;krom\u011b pou\u017eit\u00ed v&nbsp;\u010cR a&nbsp;SR je mo\u017en\u00e9 ji tak\u00e9 pou\u017e\u00edt v: Belgii, Bulharsku, Chile, Chorvatsku, Estonsku, Finsku, Francii, Indon\u00e9sii, Islandu, It\u00e1lii, Litv\u011b, Loty\u0161sku, Lucembursku, Ma\u010farsku, N\u011bmecku, Nizozemsku, Norsku, P\u00e1kist\u00e1nu, Polsku, Portugalsku, Rakousku, Rumunsku, Rusku, \u0158ecku, Slovinsku, Srbsku, \u0160pan\u011blsku, \u0160v\u00e9dsku, Turecku.<\/span><\/p>\n\n\n<p><\/p>","protected":false},"excerpt":{"rendered":"<p>Uzem\u0148ovac\u00ed z\u00e1str\u010dka s&nbsp;plastov\u00fdmi kol\u00edky, speci\u00e1ln\u00ed koncovkou a&nbsp;4 metry dlouh\u00fdm kabelem. Z\u00e1suvka m\u00e1 dv\u011b zd\u00ed\u0159ky, je tedy mo\u017en\u00e9 napojit 2 r\u016fzn\u00e9 produkty najednou.<\/p>\n<p><span class=\"hps\">Z\u00e1suvka je typu Schuko a&nbsp;krom\u011b pou\u017eit\u00ed v&nbsp;\u010cR a&nbsp;SR je mo\u017en\u00e9 ji tak\u00e9 pou\u017e\u00edt v: Belgii, Bulharsku, Chile, Chorvatsku, Estonsku, Finsku, Francii, Indon\u00e9sii, Islandu, It\u00e1lii, Litv\u011b, Loty\u0161sku, Lucembursku, Ma\u010farsku, N\u011bmecku, Nizozemsku, Norsku, P\u00e1kist\u00e1nu, Polsku, Portugalsku, Rakousku, Rumunsku, Rusku, \u0158ecku, Slovinsku, Srbsku, \u0160pan\u011blsku, \u0160v\u00e9dsku, Turecku.<\/span><\/p>","protected":false},"featured_media":6214,"comment_status":"open","ping_status":"closed","template":"","meta":{"_acf_changed":false,"inline_featured_image":false},"product_brand":[],"product_cat":[57],"product_tag":[],"class_list":{"0":"post-2064","1":"product","2":"type-product","3":"status-publish","4":"has-post-thumbnail","6":"product_cat-doplnky-k-produktum","8":"first","9":"instock","10":"shipping-taxable","11":"purchasable","12":"product-type-simple"},"acf":[],"yoast_head":"<!-- This site is optimized with the Yoast SEO plugin v27.3 - https:\/\/yoast.com\/product\/yoast-seo-wordpress\/ -->\n<title>Uzem\u0148uj\u00edc\u00ed z\u00e1suvka s kabelem - Va\u0161eUzemn\u011bn\u00ed.cz - Uzem\u0148ovac\u00ed prost\u011bradla a podlo\u017eky<\/title>\n<meta name=\"robots\" content=\"index, follow, max-snippet:-1, max-image-preview:large, max-video-preview:-1\" \/>\n<link rel=\"canonical\" href=\"https:\/\/www.vaseuzemneni.cz\/sk\/produkt\/uzemnujici-zasuvka-s-kabelem\/\" \/>\n<script type=\"application\/ld+json\" class=\"yoast-schema-graph\">{\"@context\":\"https:\\\/\\\/schema.org\",\"@graph\":[{\"@type\":\"BreadcrumbList\",\"@id\":\"https:\\\/\\\/www.vaseuzemneni.cz\\\/produkt\\\/uzemnujici-zasuvka-s-kabelem\\\/#breadcrumb\",\"itemListElement\":[{\"@type\":\"ListItem\",\"position\":1,\"name\":\"Dom\u016f\",\"item\":\"https:\\\/\\\/www.vaseuzemneni.cz\\\/\"},{\"@type\":\"ListItem\",\"position\":2,\"name\":\"Obchod\",\"item\":\"https:\\\/\\\/www.vaseuzemneni.cz\\\/obchod\\\/\"},{\"@type\":\"ListItem\",\"position\":3,\"name\":\"Uzem\u0148uj\u00edc\u00ed z\u00e1suvka s&nbsp;kabelem\"}]}]}<\/script>\n<!-- \/ Yoast SEO plugin. -->","yoast_head_json":{"title":"Uzem\u0148uj\u00edc\u00ed z\u00e1suvka s kabelem - Va\u0161eUzemn\u011bn\u00ed.cz - Uzem\u0148ovac\u00ed prost\u011bradla a podlo\u017eky","robots":{"index":"index","follow":"follow","max-snippet":"max-snippet:-1","max-image-preview":"max-image-preview:large","max-video-preview":"max-video-preview:-1"},"canonical":"https:\/\/www.vaseuzemneni.cz\/sk\/produkt\/uzemnujici-zasuvka-s-kabelem\/","schema":{"@context":"https:\/\/schema.org","@graph":[{"@type":"BreadcrumbList","@id":"https:\/\/www.vaseuzemneni.cz\/produkt\/uzemnujici-zasuvka-s-kabelem\/#breadcrumb","itemListElement":[{"@type":"ListItem","position":1,"name":"Dom\u016f","item":"https:\/\/www.vaseuzemneni.cz\/"},{"@type":"ListItem","position":2,"name":"Obchod","item":"https:\/\/www.vaseuzemneni.cz\/obchod\/"},{"@type":"ListItem","position":3,"name":"Uzem\u0148uj\u00edc\u00ed z\u00e1suvka s&nbsp;kabelem"}]}]}},"_links":{"self":[{"href":"https:\/\/www.vaseuzemneni.cz\/sk\/wp-json\/wp\/v2\/product\/2064","targetHints":{"allow":["GET"]}}],"collection":[{"href":"https:\/\/www.vaseuzemneni.cz\/sk\/wp-json\/wp\/v2\/product"}],"about":[{"href":"https:\/\/www.vaseuzemneni.cz\/sk\/wp-json\/wp\/v2\/types\/product"}],"replies":[{"embeddable":true,"href":"https:\/\/www.vaseuzemneni.cz\/sk\/wp-json\/wp\/v2\/comments?post=2064"}],"version-history":[{"count":17,"href":"https:\/\/www.vaseuzemneni.cz\/sk\/wp-json\/wp\/v2\/product\/2064\/revisions"}],"predecessor-version":[{"id":6222,"href":"https:\/\/www.vaseuzemneni.cz\/sk\/wp-json\/wp\/v2\/product\/2064\/revisions\/6222"}],"wp:featuredmedia":[{"embeddable":true,"href":"https:\/\/www.vaseuzemneni.cz\/sk\/wp-json\/wp\/v2\/media\/6214"}],"wp:attachment":[{"href":"https:\/\/www.vaseuzemneni.cz\/sk\/wp-json\/wp\/v2\/media?parent=2064"}],"wp:term":[{"taxonomy":"product_brand","embeddable":true,"href":"https:\/\/www.vaseuzemneni.cz\/sk\/wp-json\/wp\/v2\/product_brand?post=2064"},{"taxonomy":"product_cat","embeddable":true,"href":"https:\/\/www.vaseuzemneni.cz\/sk\/wp-json\/wp\/v2\/product_cat?post=2064"},{"taxonomy":"product_tag","embeddable":true,"href":"https:\/\/www.vaseuzemneni.cz\/sk\/wp-json\/wp\/v2\/product_tag?post=2064"}],"curies":[{"name":"wp","href":"https:\/\/api.w.org\/{rel}","templated":true}]}}