{"id":242,"date":"2021-03-06T09:32:31","date_gmt":"2021-03-06T09:32:31","guid":{"rendered":"http:\/\/www.vaseuzemneni.cz\/?post_type=product&#038;p=242"},"modified":"2026-04-10T05:58:38","modified_gmt":"2026-04-10T05:58:38","slug":"univerzalni-uzemnovaci-podlozka","status":"publish","type":"product","link":"https:\/\/www.vaseuzemneni.cz\/sk\/produkt\/univerzalni-uzemnovaci-podlozka\/","title":{"rendered":"Univerz\u00e1ln\u00ed uzem\u0148ovac\u00ed podlo\u017eka 60x40cm"},"content":{"rendered":"<p>Za\u017eijte v\u00fdhody uzem\u0148ovac\u00ed podlo\u017eky p\u0159i&nbsp;relaxaci i&nbsp;pr\u00e1ci. Univerz\u00e1ln\u00ed uzem\u0148ovac\u00ed podlo\u017eka je velmi pohodln\u00e1 a&nbsp;praktick\u00e1. M\u016f\u017eete se o&nbsp;ni op\u0159\u00edt nebo si na ni sednout, kdy\u017e \u010dtete knihu, pracujete na po\u010d\u00edta\u010di, relaxujete nebo meditujete. M\u016f\u017eete si ji p\u0159ehodit p\u0159es pol\u0161t\u00e1\u0159 a&nbsp;zd\u0159\u00edmnout si na n\u00ed.<\/p>\n<p>Podlo\u017eka je uzem\u0148ovac\u00ed pouze z&nbsp;jedn\u00e9 strany (\u0161ed\u00e1 l\u00e1tka). Tato strana je ozna\u010dena n\u00e1lepkou, \u0161t\u00edtkem s&nbsp;logem a&nbsp;drukem, na kter\u00fd se p\u0159ipoj\u00ed uzem\u0148ovac\u00ed kabel. Pro kvalitn\u00ed uzemn\u011bn\u00ed je nutn\u00e9 m\u00edt kontakt t\u011bla s&nbsp;touto \u0161edou uzem\u0148ovac\u00ed l\u00e1tkou.<\/p>\n<h2>Jedine\u010dn\u00e9 vlastnosti Univerz\u00e1ln\u00ed uzem\u0148ovac\u00ed podlo\u017eky:<\/h2>\n<p><strong>1. V\u0161estrann\u00e9 pou\u017eit\u00ed:<\/strong> D\u00edky praktick\u00fdm rozm\u011br\u016fm 60 \u00d7 40 cm se uzem\u0148ovac\u00ed podlo\u017eka snadno za\u010dlen\u00ed do Va\u0161eho interi\u00e9ru. A\u0165 u\u017e pracujete, relaxujete nebo meditujete. Podlo\u017eka je naprosto univerz\u00e1ln\u00ed a&nbsp;skladn\u00e1, m\u016f\u017eete ji pou\u017e\u00edvat doma, v&nbsp;kancel\u00e1\u0159i, na cest\u00e1ch nebo p\u0159i&nbsp;meditaci a&nbsp;j\u00f3ze.<\/p>\n<p><strong>2. Bezkonkuren\u010dn\u00ed pohodl\u00ed a&nbsp;odolnost:<\/strong> M\u011bkk\u00e9 a&nbsp;prody\u0161n\u00e9 proveden\u00ed na\u0161\u00ed podlo\u017eky V\u00e1m zajist\u00ed maxim\u00e1ln\u00ed pohodl\u00ed p\u0159i&nbsp;jej\u00edm pou\u017eit\u00ed. Pocitov\u011b je materi\u00e1l velmi bl\u00edzk\u00fd lo\u017en\u00edmu pl\u00e1tnu z&nbsp;\u010dist\u00e9 bavlny. Podlo\u017eka je vyrobena tak, aby vydr\u017eela a&nbsp;zaru\u010duje spolehliv\u00e9 a&nbsp;dlouhotrvaj\u00edc\u00ed uzemn\u011bn\u00ed.<\/p>\n<p><strong>3. Pr\u00e9miov\u00e1 kvalita:<\/strong> Podlo\u017eka je vyrobena z&nbsp;vysoce kvalitn\u00ed l\u00e1tky s&nbsp;velk\u00fdm obsahem nerezov\u00fdch vl\u00e1ken a&nbsp;zaji\u0161\u0165uje tak vysokou odolnost a&nbsp;\u017eivotnost (10+ let p\u0159i&nbsp;b\u011b\u017en\u00e9m pou\u017e\u00edv\u00e1n\u00ed). Z\u00e1rove\u0148 tak\u00e9 m\u00e1 certifikaci OEKO-TEX\u00ae Standard 100.<\/p>\n<p><strong>4.&nbsp;\u00dadr\u017eba bez n\u00e1mahy:<\/strong> Na\u0161e podlo\u017eky se snadno \u010dist\u00ed a&nbsp;udr\u017euj\u00ed. V\u0161echny podlo\u017eky jsou prateln\u00e9 b\u011b\u017en\u00fdm zp\u016fsobem (b\u011b\u017en\u00fd prac\u00ed pr\u00e1\u0161ek, na 40 stup\u0148\u016f, ned\u00e1vat do su\u0161i\u010dky).<\/p>\n<h2>\u00da\u010dinky uzem\u0148ov\u00e1n\u00ed<\/h2>\n<p>Uzem\u0148ov\u00e1n\u00ed m\u00e1 dle zku\u0161enost\u00ed mnoha lid\u00ed z&nbsp;\u0159ad na\u0161ich z\u00e1kazn\u00edk\u016f i&nbsp;mimo n\u011b pozitivn\u00ed \u00fa\u010dinky. Na\u0161i <a href=\"https:\/\/www.vaseuzemneni.cz\/sk\/recenze-uzemnovaci-podlozky-prosteradla\/\" target=\"_blank\" rel=\"noopener\">z\u00e1kazn\u00edci \u010dasto zmi\u0148uj\u00ed<\/a>, \u017ee jim uzem\u0148ov\u00e1n\u00ed pomohlo a&nbsp;zmi\u0148uj\u00ed sv\u00e9 pocity t\u00fdkaj\u00edc\u00ed se pohodl\u00ed p\u0159i&nbsp;sp\u00e1nku, pocitu relaxace \u010di&nbsp;celkov\u00e9 pohody.<\/p>\n<p>V odborn\u00e9m tisku bylo tak\u00e9 publikov\u00e1no mnoho <a href=\"https:\/\/www.google.com\/search?q=portal+o+uzemnovani+vedecke+studie\" target=\"_blank\" rel=\"noopener\">studi\u00ed t\u00fdkaj\u00edc\u00edch se pozitivn\u00edch \u00fa\u010dink\u016f uzem\u0148ov\u00e1n\u00ed<\/a> na lidsk\u00e9 t\u011blo.<\/p>\n<p>Bohu\u017eel v\u0161ak vzhledem k&nbsp;legislativ\u011b EU a&nbsp;jej\u00edmu na\u0159\u00edzen\u00ed nejsme opr\u00e1vn\u011bni na e-shopu zve\u0159ej\u0148ovat jak\u00e9koli p\u0159\u00edm\u00e9 zdravotn\u00ed informace, proto\u017ee na\u0161e produkty nejsou registrovan\u00fdmi zdravotnick\u00fdmi prost\u0159edky.<\/p>\n<p><em>Pozn.: Tento produkt nen\u00ed zdravotnick\u00fdm prost\u0159edkem ve smyslu na\u0159\u00edzen\u00ed (EU) 2017\/745. Nen\u00ed ur\u010den k&nbsp;diagnostice, l\u00e9\u010db\u011b, zm\u00edrn\u011bn\u00ed ani prevenci \u017e\u00e1dn\u00e9ho onemocn\u011bn\u00ed nebo zdravotn\u00edho stavu \u010di&nbsp;probl\u00e9mu. Nenahrazuje l\u00e9ka\u0159skou p\u00e9\u010di. Pokud trp\u00edte chronick\u00fdmi obt\u00ed\u017eemi nebo zdravotn\u00edmi probl\u00e9my, pora\u010fte p\u0159ed pou\u017eit\u00edm uzem\u0148ovac\u00edch prost\u011bradel se sv\u00fdm l\u00e9ka\u0159em. Produkt je ur\u010den v\u00fdhradn\u011b pro podporu celkov\u00e9ho pohodl\u00ed a&nbsp;zdrav\u00e9ho \u017eivotn\u00edho stylu.<\/em><\/p>\n<h2>Mo\u017enosti pou\u017eit\u00ed uzem\u0148ovac\u00ed podlo\u017eky:<\/h2>\n<ul>\n<li>p\u0159i sezen\u00ed na pohovce \u010di&nbsp;\u017eidli<\/li>\n<li>p\u0159i meditaci, relaxaci \u010di&nbsp;j\u00f3ze<\/li>\n<li>pod bos\u00e1 chodidla (nap\u0159.&nbsp;p\u0159i&nbsp;pr\u00e1ci na PC)<\/li>\n<li>pokud pracujete v&nbsp;sed\u011b s&nbsp;notebookem na kl\u00edn\u011b, m\u016f\u017eete si podlo\u017eku polo\u017eit pod notebook<\/li>\n<\/ul>","protected":false},"excerpt":{"rendered":"<p>Za\u017eijte v\u00fdhody uzem\u0148ovac\u00ed podlo\u017eky p\u0159i&nbsp;relaxaci i&nbsp;pr\u00e1ci \u2013 spojen\u00edm se zemskou energi\u00ed a&nbsp;podpo\u0159\u00edte celkov\u00fd pocit pohody a&nbsp;odpo\u010dinku.<\/p>\n<p>Univerz\u00e1ln\u00ed uzem\u0148ovac\u00ed podlo\u017eka je velmi pohodln\u00e1 a&nbsp;praktick\u00e1. M\u016f\u017eete se o&nbsp;ni op\u0159\u00edt nebo si na ni sednout, kdy\u017e \u010dtete knihu, pracujete na po\u010d\u00edta\u010di, relaxujete nebo meditujete. M\u016f\u017eete si ji p\u0159ehodit p\u0159es pol\u0161t\u00e1\u0159 a&nbsp;zd\u0159\u00edmnout si na n\u00ed.<\/p>","protected":false},"featured_media":6282,"comment_status":"open","ping_status":"closed","template":"","meta":{"_acf_changed":false,"inline_featured_image":false},"product_brand":[],"product_cat":[24],"product_tag":[],"class_list":{"0":"post-242","1":"product","2":"type-product","3":"status-publish","4":"has-post-thumbnail","6":"product_cat-uzemnovaci-podlozky","8":"first","9":"instock","10":"shipping-taxable","11":"purchasable","12":"product-type-simple"},"acf":[],"yoast_head":"<!-- This site is optimized with the Yoast SEO plugin v27.3 - https:\/\/yoast.com\/product\/yoast-seo-wordpress\/ -->\n<title>Univerz\u00e1ln\u00ed uzem\u0148ovac\u00ed podlo\u017eka 60x40cm - Va\u0161eUzemn\u011bn\u00ed.cz - Uzem\u0148ovac\u00ed prost\u011bradla a podlo\u017eky<\/title>\n<meta name=\"robots\" content=\"index, follow, max-snippet:-1, max-image-preview:large, max-video-preview:-1\" \/>\n<link rel=\"canonical\" href=\"https:\/\/www.vaseuzemneni.cz\/sk\/produkt\/univerzalni-uzemnovaci-podlozka\/\" \/>\n<script type=\"application\/ld+json\" class=\"yoast-schema-graph\">{\"@context\":\"https:\\\/\\\/schema.org\",\"@graph\":[{\"@type\":\"BreadcrumbList\",\"@id\":\"https:\\\/\\\/www.vaseuzemneni.cz\\\/produkt\\\/univerzalni-uzemnovaci-podlozka\\\/#breadcrumb\",\"itemListElement\":[{\"@type\":\"ListItem\",\"position\":1,\"name\":\"Dom\u016f\",\"item\":\"https:\\\/\\\/www.vaseuzemneni.cz\\\/\"},{\"@type\":\"ListItem\",\"position\":2,\"name\":\"Obchod\",\"item\":\"https:\\\/\\\/www.vaseuzemneni.cz\\\/obchod\\\/\"},{\"@type\":\"ListItem\",\"position\":3,\"name\":\"Univerz\u00e1ln\u00ed uzem\u0148ovac\u00ed podlo\u017eka 60x40cm\"}]}]}<\/script>\n<!-- \/ Yoast SEO plugin. -->","yoast_head_json":{"title":"Univerz\u00e1ln\u00ed uzem\u0148ovac\u00ed podlo\u017eka 60x40cm - Va\u0161eUzemn\u011bn\u00ed.cz - Uzem\u0148ovac\u00ed prost\u011bradla a podlo\u017eky","robots":{"index":"index","follow":"follow","max-snippet":"max-snippet:-1","max-image-preview":"max-image-preview:large","max-video-preview":"max-video-preview:-1"},"canonical":"https:\/\/www.vaseuzemneni.cz\/sk\/produkt\/univerzalni-uzemnovaci-podlozka\/","schema":{"@context":"https:\/\/schema.org","@graph":[{"@type":"BreadcrumbList","@id":"https:\/\/www.vaseuzemneni.cz\/produkt\/univerzalni-uzemnovaci-podlozka\/#breadcrumb","itemListElement":[{"@type":"ListItem","position":1,"name":"Dom\u016f","item":"https:\/\/www.vaseuzemneni.cz\/"},{"@type":"ListItem","position":2,"name":"Obchod","item":"https:\/\/www.vaseuzemneni.cz\/obchod\/"},{"@type":"ListItem","position":3,"name":"Univerz\u00e1ln\u00ed uzem\u0148ovac\u00ed podlo\u017eka 60x40cm"}]}]}},"_links":{"self":[{"href":"https:\/\/www.vaseuzemneni.cz\/sk\/wp-json\/wp\/v2\/product\/242","targetHints":{"allow":["GET"]}}],"collection":[{"href":"https:\/\/www.vaseuzemneni.cz\/sk\/wp-json\/wp\/v2\/product"}],"about":[{"href":"https:\/\/www.vaseuzemneni.cz\/sk\/wp-json\/wp\/v2\/types\/product"}],"replies":[{"embeddable":true,"href":"https:\/\/www.vaseuzemneni.cz\/sk\/wp-json\/wp\/v2\/comments?post=242"}],"version-history":[{"count":32,"href":"https:\/\/www.vaseuzemneni.cz\/sk\/wp-json\/wp\/v2\/product\/242\/revisions"}],"predecessor-version":[{"id":6549,"href":"https:\/\/www.vaseuzemneni.cz\/sk\/wp-json\/wp\/v2\/product\/242\/revisions\/6549"}],"wp:featuredmedia":[{"embeddable":true,"href":"https:\/\/www.vaseuzemneni.cz\/sk\/wp-json\/wp\/v2\/media\/6282"}],"wp:attachment":[{"href":"https:\/\/www.vaseuzemneni.cz\/sk\/wp-json\/wp\/v2\/media?parent=242"}],"wp:term":[{"taxonomy":"product_brand","embeddable":true,"href":"https:\/\/www.vaseuzemneni.cz\/sk\/wp-json\/wp\/v2\/product_brand?post=242"},{"taxonomy":"product_cat","embeddable":true,"href":"https:\/\/www.vaseuzemneni.cz\/sk\/wp-json\/wp\/v2\/product_cat?post=242"},{"taxonomy":"product_tag","embeddable":true,"href":"https:\/\/www.vaseuzemneni.cz\/sk\/wp-json\/wp\/v2\/product_tag?post=242"}],"curies":[{"name":"wp","href":"https:\/\/api.w.org\/{rel}","templated":true}]}}