{"id":2598,"date":"2023-03-01T22:38:58","date_gmt":"2023-03-01T22:38:58","guid":{"rendered":"https:\/\/www.vaseuzemneni.cz\/?post_type=product&#038;p=2598"},"modified":"2026-04-06T19:24:30","modified_gmt":"2026-04-06T19:24:30","slug":"uzemnovaci-kolik-30cm-s-kabelem","status":"publish","type":"product","link":"https:\/\/www.vaseuzemneni.cz\/sk\/produkt\/uzemnovaci-kolik-30cm-s-kabelem\/","title":{"rendered":"Uzem\u0148ovac\u00ed kol\u00edk 30cm"},"content":{"rendered":"<p>Uzem\u0148ovac\u00ed kol\u00edk d\u00e9lky 30cm s&nbsp;kabelem 15m pro p\u0159\u00edm\u00e9 uzemn\u011bn\u00ed podlo\u017eek a&nbsp;prost\u011bradel. Proveden\u00ed je velmi byteln\u00e9, snese bez probl\u00e9m\u016f i&nbsp;zatlu\u010den\u00ed kladivem (tlou\u0161\u0165ka kol\u00edku 10mm).<\/p>\n<p>Pro nejlep\u0161\u00ed funk\u010dnost zemn\u00edc\u00ed kol\u00edk zap\u00edchn\u011bte hluboko do zem\u011b (nejl\u00e9pe \u010dernozem\/tr\u00e1vn\u00edk, aby byl kontakt co nejlep\u0161\u00ed) a&nbsp;pot\u00e9 nejbli\u017e\u0161\u00ed okol\u00ed kol\u00edku m\u016f\u017eete podl\u00edt vodou.<\/p>","protected":false},"excerpt":{"rendered":"<p>Uzem\u0148ovac\u00ed kol\u00edk d\u00e9lky 30cm s&nbsp;kabelem 15m pro p\u0159\u00edm\u00e9 uzemn\u011bn\u00ed podlo\u017eek a&nbsp;prost\u011bradel.<\/p>\n<p>Doba odesl\u00e1n\u00ed uzem\u0148ovac\u00edho kol\u00edku cca 10&nbsp;dn\u00ed.<\/p>\n<p>&nbsp;<\/p>","protected":false},"featured_media":6194,"comment_status":"open","ping_status":"closed","template":"","meta":{"_acf_changed":false,"inline_featured_image":false},"product_brand":[],"product_cat":[57],"product_tag":[],"class_list":{"0":"post-2598","1":"product","2":"type-product","3":"status-publish","4":"has-post-thumbnail","6":"product_cat-doplnky-k-produktum","8":"first","9":"instock","10":"shipping-taxable","11":"purchasable","12":"product-type-simple"},"acf":[],"yoast_head":"<!-- This site is optimized with the Yoast SEO plugin v27.3 - https:\/\/yoast.com\/product\/yoast-seo-wordpress\/ -->\n<title>Uzem\u0148ovac\u00ed kol\u00edk 30cm - Va\u0161eUzemn\u011bn\u00ed.cz - Uzem\u0148ovac\u00ed prost\u011bradla a podlo\u017eky<\/title>\n<meta name=\"robots\" content=\"index, follow, max-snippet:-1, max-image-preview:large, max-video-preview:-1\" \/>\n<link rel=\"canonical\" href=\"https:\/\/www.vaseuzemneni.cz\/sk\/produkt\/uzemnovaci-kolik-30cm-s-kabelem\/\" \/>\n<script type=\"application\/ld+json\" class=\"yoast-schema-graph\">{\"@context\":\"https:\\\/\\\/schema.org\",\"@graph\":[{\"@type\":\"BreadcrumbList\",\"@id\":\"https:\\\/\\\/www.vaseuzemneni.cz\\\/produkt\\\/uzemnovaci-kolik-30cm-s-kabelem\\\/#breadcrumb\",\"itemListElement\":[{\"@type\":\"ListItem\",\"position\":1,\"name\":\"Dom\u016f\",\"item\":\"https:\\\/\\\/www.vaseuzemneni.cz\\\/\"},{\"@type\":\"ListItem\",\"position\":2,\"name\":\"Obchod\",\"item\":\"https:\\\/\\\/www.vaseuzemneni.cz\\\/obchod\\\/\"},{\"@type\":\"ListItem\",\"position\":3,\"name\":\"Uzem\u0148ovac\u00ed kol\u00edk 30cm\"}]}]}<\/script>\n<!-- \/ Yoast SEO plugin. -->","yoast_head_json":{"title":"Uzem\u0148ovac\u00ed kol\u00edk 30cm - Va\u0161eUzemn\u011bn\u00ed.cz - Uzem\u0148ovac\u00ed prost\u011bradla a podlo\u017eky","robots":{"index":"index","follow":"follow","max-snippet":"max-snippet:-1","max-image-preview":"max-image-preview:large","max-video-preview":"max-video-preview:-1"},"canonical":"https:\/\/www.vaseuzemneni.cz\/sk\/produkt\/uzemnovaci-kolik-30cm-s-kabelem\/","schema":{"@context":"https:\/\/schema.org","@graph":[{"@type":"BreadcrumbList","@id":"https:\/\/www.vaseuzemneni.cz\/produkt\/uzemnovaci-kolik-30cm-s-kabelem\/#breadcrumb","itemListElement":[{"@type":"ListItem","position":1,"name":"Dom\u016f","item":"https:\/\/www.vaseuzemneni.cz\/"},{"@type":"ListItem","position":2,"name":"Obchod","item":"https:\/\/www.vaseuzemneni.cz\/obchod\/"},{"@type":"ListItem","position":3,"name":"Uzem\u0148ovac\u00ed kol\u00edk 30cm"}]}]}},"_links":{"self":[{"href":"https:\/\/www.vaseuzemneni.cz\/sk\/wp-json\/wp\/v2\/product\/2598","targetHints":{"allow":["GET"]}}],"collection":[{"href":"https:\/\/www.vaseuzemneni.cz\/sk\/wp-json\/wp\/v2\/product"}],"about":[{"href":"https:\/\/www.vaseuzemneni.cz\/sk\/wp-json\/wp\/v2\/types\/product"}],"replies":[{"embeddable":true,"href":"https:\/\/www.vaseuzemneni.cz\/sk\/wp-json\/wp\/v2\/comments?post=2598"}],"version-history":[{"count":19,"href":"https:\/\/www.vaseuzemneni.cz\/sk\/wp-json\/wp\/v2\/product\/2598\/revisions"}],"predecessor-version":[{"id":6196,"href":"https:\/\/www.vaseuzemneni.cz\/sk\/wp-json\/wp\/v2\/product\/2598\/revisions\/6196"}],"wp:featuredmedia":[{"embeddable":true,"href":"https:\/\/www.vaseuzemneni.cz\/sk\/wp-json\/wp\/v2\/media\/6194"}],"wp:attachment":[{"href":"https:\/\/www.vaseuzemneni.cz\/sk\/wp-json\/wp\/v2\/media?parent=2598"}],"wp:term":[{"taxonomy":"product_brand","embeddable":true,"href":"https:\/\/www.vaseuzemneni.cz\/sk\/wp-json\/wp\/v2\/product_brand?post=2598"},{"taxonomy":"product_cat","embeddable":true,"href":"https:\/\/www.vaseuzemneni.cz\/sk\/wp-json\/wp\/v2\/product_cat?post=2598"},{"taxonomy":"product_tag","embeddable":true,"href":"https:\/\/www.vaseuzemneni.cz\/sk\/wp-json\/wp\/v2\/product_tag?post=2598"}],"curies":[{"name":"wp","href":"https:\/\/api.w.org\/{rel}","templated":true}]}}