{"id":2739,"date":"2023-05-16T12:51:20","date_gmt":"2023-05-16T12:51:20","guid":{"rendered":"https:\/\/www.vaseuzemneni.cz\/?post_type=product&#038;p=2739"},"modified":"2026-02-11T14:27:42","modified_gmt":"2026-02-11T14:27:42","slug":"stinici-zavesy-proti-elektrosmogu-emp","status":"publish","type":"product","link":"https:\/\/www.vaseuzemneni.cz\/sk\/produkt\/stinici-zavesy-proti-elektrosmogu-emp\/","title":{"rendered":"St\u00edn\u00edc\u00ed z\u00e1v\u011bs proti elektrosmogu na m\u00edru"},"content":{"rendered":"<p>Z\u00e1v\u011bs ze st\u00edn\u00edc\u00ed l\u00e1tky zamezuje pronik\u00e1n\u00ed vysokofrekven\u010dn\u00edch elektromagnetick\u00fdch pol\u00ed (EMP, elektrosmog) o&nbsp;99% &#8211; 99,99% (viz. graf \u00fatlumu n\u00ed\u017ee). Ide\u00e1ln\u00ed do lo\u017enice, kde chceme odst\u00ednit ve\u0161ker\u00e9 elektromagnetick\u00e9 pole p\u0159ich\u00e1zej\u00edc\u00ed zven\u010d\u00ed, kter\u00e9 by mohlo naru\u0161ovat sp\u00e1nkov\u00fd rytmus.<\/p>\n<p>Z\u00e1v\u011bsy pro V\u00e1s \u0161ijeme na m\u00edru, tak aby v\u00e1m p\u0159esn\u011b pasovaly do va\u0161eho interi\u00e9ru. Barva je sv\u011btle \u0161ed\u00e1.<\/p>\n<p>Maxim\u00e1ln\u00ed \u0161\u00ed\u0159e l\u00e1tky je 150cm, d\u00e9lka je neomezena. Pokud pot\u0159ebujete z\u00e1v\u011bs \u0161ir\u0161\u00ed, je samoz\u0159ejm\u011b je mo\u017en\u00e9 se\u0161\u00edt 2 d\u00edly k&nbsp;sob\u011b, nebo pou\u017e\u00edt v\u00edce kus\u016f z\u00e1v\u011bsu. Pakli\u017ee pot\u0159ebujete z\u00e1v\u011bs\u016f v\u00edce a&nbsp;v&nbsp;r\u016fzn\u00fdch rozm\u011brech, p\u0159idejte do ko\u0161\u00edku dal\u0161\u00ed z\u00e1v\u011bs pro ka\u017ed\u00fd rozm\u011br. <strong>Pozorn\u011b si pros\u00edm p\u0159e\u010dt\u011bte odstavec o&nbsp;tom jak spr\u00e1vn\u011b zm\u011b\u0159it z\u00e1v\u011bs. Pokud si nejste jist\u00ed spr\u00e1vn\u00fdm rozm\u011brem, rad\u011bji n\u00e1m p\u0159edem zavolejte.<\/strong><\/p>\n<p>Zde kalkulovan\u00e1 cena je platn\u00e1 pro jednotliv\u00e9 objednan\u00e9 z\u00e1v\u011bsy. Pokud z\u00e1v\u011bs\u016f objedn\u00e1v\u00e1te v\u00edce, je ale mo\u017en\u00e9 (zvl\u00e1\u0161t\u011b u&nbsp;v\u011bt\u0161\u00edch z\u00e1v\u011bs\u016f), \u017ee p\u016fjde \u010d\u00e1st materi\u00e1lu u\u0161et\u0159it a&nbsp;n\u00e1klady tedy budou ni\u017e\u0161\u00ed. Kalkulovanou cenu v\u00e1m potvrd\u00edme emailem nebo telefonicky.<\/p>\n<p><strong>Upozorn\u011bn\u00ed:<\/strong> U&nbsp;tohoto produktu akceptujeme pouze platbu p\u0159edem na \u00fa\u010det nebo kartou. Nen\u00ed mo\u017en\u00e1 dob\u00edrka, jeliko\u017e se jedn\u00e1 o&nbsp;produkt u\u0161it\u00fd pro V\u00e1s na m\u00edru. Tak\u00e9 ho nen\u00ed mo\u017en\u00e9 vr\u00e1tit ve 14-ti denn\u00ed lh\u016ft\u011b. Dodac\u00ed doba min. 14&nbsp;dn\u00ed od p\u0159ijet\u00ed platby.<\/p>\n<h2><\/h2>\n<h2>Sou\u010d\u00e1sti balen\u00ed:<\/h2>\n<ul>\n<li>Za\u010di\u0161t\u011bn\u00e9 z\u00e1v\u011bsy na m\u00edru dle zad\u00e1n\u00ed.<\/li>\n<li>Na horn\u00ed stranu z\u00e1v\u011bs\u016f standardn\u011b na\u0161\u00edv\u00e1me \u0159asic\u00ed p\u00e1sku, kter\u00e1 l\u00e1tku zp\u011bvn\u00ed a&nbsp;ud\u011bl\u00e1 hezk\u00e9 oblou\u010dky, a&nbsp;druhak umo\u017e\u0148uje dvoj\u00ed zp\u016fsob uchycen\u00ed &#8211; \u017eabkami nebo h\u00e1\u010dky (viz fotografie).<\/li>\n<li>V cen\u011b nen\u00ed dal\u0161\u00ed upev\u0148ovac\u00ed materi\u00e1l (h\u00e1\u010dky, sponky) \u010di&nbsp;ol\u016fvka.<\/li>\n<\/ul>\n<h2><\/h2>\n<h2>Mo\u017enosti pou\u017eit\u00ed<\/h2>\n<p><strong>Jako samostatn\u00e9 z\u00e1v\u011bsy<\/strong> &#8211; Na\u0161e st\u00edn\u00edc\u00ed z\u00e1v\u011bsy nahrazuj\u00ed b\u011b\u017en\u00fd z\u00e1v\u011bs, l\u00e1tka je nepr\u016fhledn\u00e1. Nebo jej m\u016f\u017eete pou\u017e\u00edt a&nbsp;p\u0159ipevnit jako druh\u00fd z\u00e1v\u011bs za v\u00e1\u0161 st\u00e1vaj\u00edc\u00ed z\u00e1v\u011bs.<\/p>\n<p><strong>Na\u0161it\u00ed na st\u00e1vaj\u00edc\u00ed \u010di&nbsp;nov\u00e9 z\u00e1v\u011bsy z&nbsp;jin\u00e9 designov\u00e9 l\u00e1tky<\/strong> &#8211; Sv\u011btle \u0161ed\u00e1 barva st\u00edn\u00edc\u00ed l\u00e1tky nemus\u00ed vyhovovat ka\u017ed\u00e9mu interi\u00e9ru, proto nab\u00edz\u00edme mo\u017enost na\u0161it\u00ed st\u00edn\u00edc\u00ed l\u00e1tky na va\u0161i st\u00e1vaj\u00edc\u00ed designovou l\u00e1tku z&nbsp;rubov\u00e9 strany. Je to ale celkov\u011b komplikovan\u011bj\u0161\u00ed, tak\u017ee v&nbsp;takov\u00e9m p\u0159\u00edpad\u011b je t\u0159eba konzultaci po&nbsp;telefonu. Zavolejte nebo napi\u0161te a&nbsp;domluv\u00edme se na mo\u017enostech \u0159e\u0161en\u00ed.<\/p>\n<p>&nbsp;<\/p>\n<h2>Jak postupovat, aby bylo st\u00edn\u011bn\u00ed elektrosmogu co nejlep\u0161\u00ed?<\/h2>\n<ul>\n<li>Aby z\u00e1v\u011bsy spr\u00e1vn\u011b fungovaly, mus\u00ed pokud mo\u017eno zakr\u00fdvat cel\u00e9 okno v\u010detn\u011b r\u00e1mu.<\/li>\n<li>Nejlep\u0161\u00ed je, aby z\u00e1v\u011bs byl cca o&nbsp;20-40cm v\u011bt\u0161\u00ed ne\u017e samotn\u00e9 okno a&nbsp;p\u0159esahoval i&nbsp;p\u0159es okoln\u00ed zdivo.<\/li>\n<li>Z\u00e1v\u011bsy by m\u011bly b\u00fdt um\u00edst\u011bny co nejbl\u00ed\u017ee samotn\u00e9 zdi\/oknu. \u010c\u00edm v\u011bt\u0161\u00ed je vznikl\u00e1 mezera, t\u00edm je v\u011bt\u0161\u00ed pronik\u00e1n\u00ed elektromagnetick\u00fdch vln kolem z\u00e1v\u011bsu.<\/li>\n<li>V p\u0159\u00edpad\u011b francouzsk\u00fdch oken, je dobr\u00e9 aby z\u00e1v\u011bs by m\u011bl m\u00edt co nejmen\u0161\u00ed mezeru od zem\u011b.<\/li>\n<\/ul>\n<p>&nbsp;<\/p>\n<h2>Jak zm\u011b\u0159it velikost z\u00e1v\u011bs\u016f?<\/h2>\n<p>Uv\u00e1d\u011bjte celkov\u00fd v\u00fdsledn\u00fd rozm\u011br z\u00e1v\u011bsu (z\u00e1lo\u017eky, za\u010di\u0161t\u011bn\u00ed, atd. p\u0159id\u00e1me sami). P\u0159esnost \u0161it\u00ed je cca +\/- 1 cm.<\/p>\n<p>V z\u00e1sad\u011b jsou dv\u011b z\u00e1kladn\u00ed mo\u017enosti:<\/p>\n<h3><strong>A) M\u00e1m jin\u00fd hotov\u00fd z\u00e1v\u011bs spr\u00e1vn\u00e9ho rozm\u011bru<\/strong><\/h3>\n<p>Pokud ji\u017e m\u00e1te jin\u00fd z\u00e1v\u011bs o&nbsp;spr\u00e1vn\u00e9 velikosti, nejjednodu\u0161\u0161\u00ed je tento z\u00e1v\u011bs p\u0159em\u011b\u0159it a&nbsp;poslat n\u00e1m jeho \u0161\u00ed\u0159ku a&nbsp;v\u00fd\u0161ku.<\/p>\n<h3><strong>B) Nem\u00e1m jin\u00fd vhodn\u00fd z\u00e1v\u011bs<\/strong><\/h3>\n<h3>\u0160\u00ed\u0159ka z\u00e1v\u011bsu<\/h3>\n<p>Zm\u011b\u0159te \u0161\u00ed\u0159ku okna a&nbsp;p\u0159ipo\u010dt\u011bte k&nbsp;tomu nejm\u00e9n\u011b 30cm na ka\u017ed\u00e9 stran\u011b.<\/p>\n<h3>V\u00fd\u0161ka z\u00e1v\u011bsu<\/h3>\n<p><strong>Z\u00e1v\u011bs na okno<\/strong> &#8211; zm\u011b\u0159te vzd\u00e1lenost od spodn\u00ed hrany kolejnice \u010di&nbsp;z\u00e1v\u011bsov\u00e9 ty\u010de po&nbsp;parapet a&nbsp;p\u0159ipo\u010dt\u011bte 20-30cm (z\u00e1v\u011bs bude 20-30cm p\u0159es parapet, co\u017e je d\u016fle\u017eit\u00e9 pro spr\u00e1vnou st\u00edn\u00edc\u00ed funkci)<\/p>\n<p><strong>Z\u00e1v\u011bs na francouzsk\u00e9 okno \u010di&nbsp;prosklen\u00e9 dve\u0159e<\/strong> &#8211; zm\u011b\u0159te vzd\u00e1lenost od spodn\u00ed hrany kolejnice \u010di&nbsp;z\u00e1v\u011bsov\u00e9 ty\u010de na zem.<\/p>\n<p>&nbsp;<\/p>\n<h2>Technick\u00e1 specifikace materi\u00e1lu<\/h2>\n<ul>\n<li><strong>absorbuje a&nbsp;odr\u00e1\u017e\u00ed 99 &#8211; 99,999% elektromagnetick\u00e9ho z\u00e1\u0159en\u00ed (21-40dB)<\/strong><\/li>\n<li>st\u00edn\u00edc\u00ed tkanina (40&nbsp;% bavlna \/ 30&nbsp;% polyester \/ 30&nbsp;% nerezov\u00e1 ocel)<\/li>\n<li>210g \/ m<\/li>\n<li>Velmi vysok\u00e1 trvanlivost d\u00edky ocelov\u00e9mu vl\u00e1knu<\/li>\n<li>Certifik\u00e1t OEKO-TEX\u00ae Standard 100<\/li>\n<\/ul>\n<p>&nbsp;<\/p>\n<h3>\u00datlum elektromagnetick\u00e9ho z\u00e1\u0159en\u00ed st\u00edn\u00edc\u00ed textilie<\/h3>\n<p><img fetchpriority=\"high\" decoding=\"async\" class=\"wp-image-2742 aligncenter\" src=\"https:\/\/www.vaseuzemneni.cz\/wp-content\/uploads\/2023\/05\/utlum_zareni_stinici_zavesy_proti_elektrosmogu-300x186.jpg\" alt=\"Graf \u00fatlumu elektromagnetick\u00e9ho z\u00e1\u0159en\u00ed (elektrosmogu)\" width=\"1052\" height=\"652\" data-wp-pid=\"2742\" srcset=\"https:\/\/www.vaseuzemneni.cz\/wp-content\/uploads\/2023\/05\/utlum_zareni_stinici_zavesy_proti_elektrosmogu-300x186.jpg 300w, https:\/\/www.vaseuzemneni.cz\/wp-content\/uploads\/2023\/05\/utlum_zareni_stinici_zavesy_proti_elektrosmogu-1024x635.jpg 1024w, https:\/\/www.vaseuzemneni.cz\/wp-content\/uploads\/2023\/05\/utlum_zareni_stinici_zavesy_proti_elektrosmogu-768x476.jpg 768w, https:\/\/www.vaseuzemneni.cz\/wp-content\/uploads\/2023\/05\/utlum_zareni_stinici_zavesy_proti_elektrosmogu-600x372.jpg 600w, https:\/\/www.vaseuzemneni.cz\/wp-content\/uploads\/2023\/05\/utlum_zareni_stinici_zavesy_proti_elektrosmogu.jpg 1052w\" sizes=\"(max-width: 1052px) 100vw, 1052px\" \/><\/p>\n<p>&nbsp;<\/p>\n<p>&nbsp;<\/p>","protected":false},"excerpt":{"rendered":"<p>Z\u00e1v\u011bs ze st\u00edn\u00edc\u00ed l\u00e1tky zamezuje pronik\u00e1n\u00ed vysokofrekven\u010dn\u00edch elektromagnetick\u00fdch pol\u00ed (EMP, elektrosmog) o&nbsp;99% &#8211; 99,99%. Ide\u00e1ln\u00ed do lo\u017enice, kde chceme odst\u00ednit ve\u0161ker\u00e9 elektromagnetick\u00e9 pole p\u0159ich\u00e1zej\u00edc\u00ed zven\u010d\u00ed, kter\u00e9 by mohlo naru\u0161ovat sp\u00e1nkov\u00fd rytmus.<\/p>\n<p>Z\u00e1v\u011bsy pro V\u00e1s \u0161ijeme na m\u00edru, tak aby v\u00e1m p\u0159esn\u011b pasovaly do va\u0161eho interi\u00e9ru. Barva je sv\u011btle \u0161ed\u00e1.<\/p>\n<p><strong>Pozorn\u011b si pros\u00edm p\u0159e\u010dt\u011bte odstavec o&nbsp;tom jak spr\u00e1vn\u011b zm\u011b\u0159it z\u00e1v\u011bs. Pokud si nejste jist\u00ed spr\u00e1vn\u00fdm rozm\u011brem, rad\u011bji n\u00e1m p\u0159edem zavolejte.<\/strong><\/p>\n<p>\u0160\u00ed\u0159e role l\u00e1tky je 150cm. Maxim\u00e1ln\u00ed \u0161\u00ed\u0159ka z\u00e1v\u011bsu se z\u00e1lo\u017ekami je tedy 140cm. \u0160ir\u0161\u00ed z\u00e1v\u011bs je se\u0161it ze 2 d\u00edl\u016f. Kalkulovan\u00e1 cena je orienta\u010dn\u00ed, v&nbsp;p\u0159\u00edpad\u011b v\u011bt\u0161\u00edm z\u00e1v\u011bs\u016f m\u016f\u017ee b\u00fdt cena ni\u017e\u0161\u00ed, pokud bude mo\u017en\u00e9 dob\u0159e vyu\u017e\u00edt \u0161\u00ed\u0159i role &#8211; fin\u00e1ln\u00ed cenu v\u00e1m potvrd\u00edme emailem.<\/p>\n<p>Pakli\u017ee m\u00e1te o&nbsp;z\u00e1v\u011bs z\u00e1jem, napi\u0161te n\u00e1m pros\u00edm <a href=\"mailto:jana@vaseuzemneni.cz\">email<\/a>, nebo zavolejte na tel. <b>608&nbsp;284&nbsp;995\u00a0<\/b>a domluv\u00edme detaily.<\/p>\n<p>&nbsp;<\/p>","protected":false},"featured_media":2813,"comment_status":"closed","ping_status":"closed","template":"","meta":{"_acf_changed":false,"inline_featured_image":false},"product_brand":[],"product_cat":[30],"product_tag":[],"class_list":{"0":"post-2739","1":"product","2":"type-product","3":"status-publish","4":"has-post-thumbnail","6":"product_cat-zavesy","8":"first","9":"onbackorder","10":"shipping-taxable","11":"purchasable","12":"product-type-simple"},"acf":[],"yoast_head":"<!-- This site is optimized with the Yoast SEO plugin v27.3 - https:\/\/yoast.com\/product\/yoast-seo-wordpress\/ -->\n<title>St\u00edn\u00edc\u00ed z\u00e1v\u011bs proti elektrosmogu na m\u00edru - Va\u0161eUzemn\u011bn\u00ed.cz - Uzem\u0148ovac\u00ed prost\u011bradla a podlo\u017eky<\/title>\n<meta name=\"robots\" content=\"index, follow, max-snippet:-1, max-image-preview:large, max-video-preview:-1\" \/>\n<link rel=\"canonical\" href=\"https:\/\/www.vaseuzemneni.cz\/sk\/produkt\/stinici-zavesy-proti-elektrosmogu-emp\/\" \/>\n<script type=\"application\/ld+json\" class=\"yoast-schema-graph\">{\"@context\":\"https:\\\/\\\/schema.org\",\"@graph\":[{\"@type\":\"BreadcrumbList\",\"@id\":\"https:\\\/\\\/www.vaseuzemneni.cz\\\/produkt\\\/stinici-zavesy-proti-elektrosmogu-emp\\\/#breadcrumb\",\"itemListElement\":[{\"@type\":\"ListItem\",\"position\":1,\"name\":\"Dom\u016f\",\"item\":\"https:\\\/\\\/www.vaseuzemneni.cz\\\/\"},{\"@type\":\"ListItem\",\"position\":2,\"name\":\"Obchod\",\"item\":\"https:\\\/\\\/www.vaseuzemneni.cz\\\/obchod\\\/\"},{\"@type\":\"ListItem\",\"position\":3,\"name\":\"St\u00edn\u00edc\u00ed z\u00e1v\u011bs proti elektrosmogu na m\u00edru\"}]}]}<\/script>\n<!-- \/ Yoast SEO plugin. -->","yoast_head_json":{"title":"St\u00edn\u00edc\u00ed z\u00e1v\u011bs proti elektrosmogu na m\u00edru - Va\u0161eUzemn\u011bn\u00ed.cz - Uzem\u0148ovac\u00ed prost\u011bradla a podlo\u017eky","robots":{"index":"index","follow":"follow","max-snippet":"max-snippet:-1","max-image-preview":"max-image-preview:large","max-video-preview":"max-video-preview:-1"},"canonical":"https:\/\/www.vaseuzemneni.cz\/sk\/produkt\/stinici-zavesy-proti-elektrosmogu-emp\/","schema":{"@context":"https:\/\/schema.org","@graph":[{"@type":"BreadcrumbList","@id":"https:\/\/www.vaseuzemneni.cz\/produkt\/stinici-zavesy-proti-elektrosmogu-emp\/#breadcrumb","itemListElement":[{"@type":"ListItem","position":1,"name":"Dom\u016f","item":"https:\/\/www.vaseuzemneni.cz\/"},{"@type":"ListItem","position":2,"name":"Obchod","item":"https:\/\/www.vaseuzemneni.cz\/obchod\/"},{"@type":"ListItem","position":3,"name":"St\u00edn\u00edc\u00ed z\u00e1v\u011bs proti elektrosmogu na m\u00edru"}]}]}},"_links":{"self":[{"href":"https:\/\/www.vaseuzemneni.cz\/sk\/wp-json\/wp\/v2\/product\/2739","targetHints":{"allow":["GET"]}}],"collection":[{"href":"https:\/\/www.vaseuzemneni.cz\/sk\/wp-json\/wp\/v2\/product"}],"about":[{"href":"https:\/\/www.vaseuzemneni.cz\/sk\/wp-json\/wp\/v2\/types\/product"}],"replies":[{"embeddable":true,"href":"https:\/\/www.vaseuzemneni.cz\/sk\/wp-json\/wp\/v2\/comments?post=2739"}],"version-history":[{"count":28,"href":"https:\/\/www.vaseuzemneni.cz\/sk\/wp-json\/wp\/v2\/product\/2739\/revisions"}],"predecessor-version":[{"id":6176,"href":"https:\/\/www.vaseuzemneni.cz\/sk\/wp-json\/wp\/v2\/product\/2739\/revisions\/6176"}],"wp:featuredmedia":[{"embeddable":true,"href":"https:\/\/www.vaseuzemneni.cz\/sk\/wp-json\/wp\/v2\/media\/2813"}],"wp:attachment":[{"href":"https:\/\/www.vaseuzemneni.cz\/sk\/wp-json\/wp\/v2\/media?parent=2739"}],"wp:term":[{"taxonomy":"product_brand","embeddable":true,"href":"https:\/\/www.vaseuzemneni.cz\/sk\/wp-json\/wp\/v2\/product_brand?post=2739"},{"taxonomy":"product_cat","embeddable":true,"href":"https:\/\/www.vaseuzemneni.cz\/sk\/wp-json\/wp\/v2\/product_cat?post=2739"},{"taxonomy":"product_tag","embeddable":true,"href":"https:\/\/www.vaseuzemneni.cz\/sk\/wp-json\/wp\/v2\/product_tag?post=2739"}],"curies":[{"name":"wp","href":"https:\/\/api.w.org\/{rel}","templated":true}]}}