{"id":3489,"date":"2024-06-13T13:13:22","date_gmt":"2024-06-13T13:13:22","guid":{"rendered":"https:\/\/www.vaseuzemneni.cz\/?post_type=product&#038;p=3489"},"modified":"2026-04-09T17:10:03","modified_gmt":"2026-04-09T17:10:03","slug":"uzemnovaci-podlozka-k-pocitaci-pod-mys-35x25cm","status":"publish","type":"product","link":"https:\/\/www.vaseuzemneni.cz\/sk\/produkt\/uzemnovaci-podlozka-k-pocitaci-pod-mys-35x25cm\/","title":{"rendered":"Uzem\u0148ovac\u00ed podlo\u017eka k&nbsp;po\u010d\u00edta\u010di (pod my\u0161) &#8211; 35x25cm"},"content":{"rendered":"<p>Za\u017eijte v\u00fdhody uzem\u0148ovac\u00ed podlo\u017eky p\u0159i&nbsp;relaxaci i&nbsp;pr\u00e1ci. Po\u010d\u00edta\u010dov\u00e1 uzem\u0148ovac\u00ed podlo\u017eka je velmi praktick\u00e1. Polo\u017e\u00edte si j\u00ed na pracovn\u00ed st\u016fl, zapoj\u00edte a&nbsp;m\u016f\u017eete za\u010d\u00edt pracovat uzemn\u011bni. Podlo\u017eky se dot\u00fdk\u00e1me p\u0159edlokt\u00edm p\u0159i&nbsp;psan\u00ed na kl\u00e1vesnici nebo p\u0159i&nbsp;pou\u017e\u00edv\u00e1n\u00ed my\u0161i. Lze ji um\u00edstit tak\u00e9 na zem a&nbsp;polo\u017eit si na ni bos\u00e1 chodidla.<\/p>\n<p><em>Pozn.: Tento produkt nen\u00ed zdravotnick\u00fdm prost\u0159edkem ve smyslu na\u0159\u00edzen\u00ed (EU) 2017\/745. Nen\u00ed ur\u010den k&nbsp;diagnostice, l\u00e9\u010db\u011b, zm\u00edrn\u011bn\u00ed ani prevenci \u017e\u00e1dn\u00e9ho onemocn\u011bn\u00ed nebo zdravotn\u00edho stavu \u010di&nbsp;probl\u00e9mu. Nenahrazuje l\u00e9ka\u0159skou p\u00e9\u010di. Pokud trp\u00edte chronick\u00fdmi obt\u00ed\u017eemi nebo zdravotn\u00edmi probl\u00e9my, pora\u010fte p\u0159ed pou\u017eit\u00edm uzem\u0148ovac\u00edch produkt\u016f se sv\u00fdm l\u00e9ka\u0159em. Produkt je ur\u010den v\u00fdhradn\u011b pro podporu celkov\u00e9ho pohodl\u00ed a&nbsp;zdrav\u00e9ho \u017eivotn\u00edho stylu.<\/em><\/p>\n<h2>Jedine\u010dn\u00e9 vlastnosti Po\u010d\u00edta\u010dov\u00e9 uzem\u0148ovac\u00ed podlo\u017eky:<\/h2>\n<p><strong>1. V\u0161estrann\u00e9 pou\u017eit\u00ed:<\/strong> D\u00edky praktick\u00fdm rozm\u011br\u016fm 35&#215;25 cm m\u016f\u017eete podlo\u017eku pou\u017e\u00edt m\u00edsto b\u011b\u017en\u00e9 podlo\u017eky pod my\u0161 nebo pod kl\u00e1vesnici.<\/p>\n<p><strong>2.&nbsp;\u00dadr\u017eba bez n\u00e1mahy:<\/strong> Na\u0161e podlo\u017eky se snadno \u010dist\u00ed a&nbsp;udr\u017euj\u00ed. Podlo\u017eku lze ot\u0159\u00edt vlhk\u00fdm had\u0159\u00edkem (v&nbsp;p\u0159\u00edpad\u011b nutnosti i&nbsp;s&nbsp;jemn\u00fdm sapon\u00e1tem nap\u0159.&nbsp;Jar) nebo vlh\u010den\u00fdm ubrouskem.<\/p>\n<h2>Mo\u017enosti pou\u017eit\u00ed Po\u010d\u00edta\u010dov\u00e9 uzem\u0148ovac\u00ed podlo\u017eky:<\/h2>\n<ul>\n<li>p\u0159i sezen\u00ed u&nbsp;PC&nbsp;&#8211; jako podlo\u017eku pod my\u0161 \u010di&nbsp;kl\u00e1vesnici<\/li>\n<li>pod bos\u00e1 chodidla (nap\u0159.&nbsp;p\u0159i&nbsp;pr\u00e1ci na PC)<\/li>\n<li>pokud pracujete v&nbsp;sed\u011b s&nbsp;notebookem na kl\u00edn\u011b, m\u016f\u017eete si podlo\u017eku polo\u017eit pod notebook<\/li>\n<\/ul>\n\n\n<p><\/p>","protected":false},"excerpt":{"rendered":"<p>Dop\u0159ejte si pocit propojen\u00ed se zem\u00ed \u2013 jemn\u00fd komfort, kter\u00fd m\u016f\u017ee pomoci zklidnit va\u0161e pracovn\u00ed tempo. V\u00fdborn\u00e9 pro uzem\u0148ov\u00e1n\u00ed d\u011bt\u00ed, kter\u00e9 tr\u00e1v\u00ed st\u00e1le v\u00edce \u010dasu u&nbsp;po\u010d\u00edta\u010de.<\/p>","protected":false},"featured_media":6260,"comment_status":"open","ping_status":"closed","template":"","meta":{"_acf_changed":false,"inline_featured_image":false},"product_brand":[],"product_cat":[24],"product_tag":[],"class_list":{"0":"post-3489","1":"product","2":"type-product","3":"status-publish","4":"has-post-thumbnail","6":"product_cat-uzemnovaci-podlozky","8":"first","9":"instock","10":"shipping-taxable","11":"purchasable","12":"product-type-simple"},"acf":[],"yoast_head":"<!-- This site is optimized with the Yoast SEO plugin v27.3 - https:\/\/yoast.com\/product\/yoast-seo-wordpress\/ -->\n<title>Uzem\u0148ovac\u00ed podlo\u017eka k po\u010d\u00edta\u010di (pod my\u0161) - 35x25cm - Va\u0161eUzemn\u011bn\u00ed.cz - Uzem\u0148ovac\u00ed prost\u011bradla a podlo\u017eky<\/title>\n<meta name=\"robots\" content=\"index, follow, max-snippet:-1, max-image-preview:large, max-video-preview:-1\" \/>\n<link rel=\"canonical\" href=\"https:\/\/www.vaseuzemneni.cz\/sk\/produkt\/uzemnovaci-podlozka-k-pocitaci-pod-mys-35x25cm\/\" \/>\n<script type=\"application\/ld+json\" class=\"yoast-schema-graph\">{\"@context\":\"https:\\\/\\\/schema.org\",\"@graph\":[{\"@type\":\"BreadcrumbList\",\"@id\":\"https:\\\/\\\/www.vaseuzemneni.cz\\\/produkt\\\/uzemnovaci-podlozka-k-pocitaci-pod-mys-35x25cm\\\/#breadcrumb\",\"itemListElement\":[{\"@type\":\"ListItem\",\"position\":1,\"name\":\"Dom\u016f\",\"item\":\"https:\\\/\\\/www.vaseuzemneni.cz\\\/\"},{\"@type\":\"ListItem\",\"position\":2,\"name\":\"Obchod\",\"item\":\"https:\\\/\\\/www.vaseuzemneni.cz\\\/obchod\\\/\"},{\"@type\":\"ListItem\",\"position\":3,\"name\":\"Uzem\u0148ovac\u00ed podlo\u017eka k&nbsp;po\u010d\u00edta\u010di (pod my\u0161) &#8211; 35x25cm\"}]}]}<\/script>\n<!-- \/ Yoast SEO plugin. -->","yoast_head_json":{"title":"Uzem\u0148ovac\u00ed podlo\u017eka k po\u010d\u00edta\u010di (pod my\u0161) - 35x25cm - Va\u0161eUzemn\u011bn\u00ed.cz - Uzem\u0148ovac\u00ed prost\u011bradla a podlo\u017eky","robots":{"index":"index","follow":"follow","max-snippet":"max-snippet:-1","max-image-preview":"max-image-preview:large","max-video-preview":"max-video-preview:-1"},"canonical":"https:\/\/www.vaseuzemneni.cz\/sk\/produkt\/uzemnovaci-podlozka-k-pocitaci-pod-mys-35x25cm\/","schema":{"@context":"https:\/\/schema.org","@graph":[{"@type":"BreadcrumbList","@id":"https:\/\/www.vaseuzemneni.cz\/produkt\/uzemnovaci-podlozka-k-pocitaci-pod-mys-35x25cm\/#breadcrumb","itemListElement":[{"@type":"ListItem","position":1,"name":"Dom\u016f","item":"https:\/\/www.vaseuzemneni.cz\/"},{"@type":"ListItem","position":2,"name":"Obchod","item":"https:\/\/www.vaseuzemneni.cz\/obchod\/"},{"@type":"ListItem","position":3,"name":"Uzem\u0148ovac\u00ed podlo\u017eka k&nbsp;po\u010d\u00edta\u010di (pod my\u0161) &#8211; 35x25cm"}]}]}},"_links":{"self":[{"href":"https:\/\/www.vaseuzemneni.cz\/sk\/wp-json\/wp\/v2\/product\/3489","targetHints":{"allow":["GET"]}}],"collection":[{"href":"https:\/\/www.vaseuzemneni.cz\/sk\/wp-json\/wp\/v2\/product"}],"about":[{"href":"https:\/\/www.vaseuzemneni.cz\/sk\/wp-json\/wp\/v2\/types\/product"}],"replies":[{"embeddable":true,"href":"https:\/\/www.vaseuzemneni.cz\/sk\/wp-json\/wp\/v2\/comments?post=3489"}],"version-history":[{"count":22,"href":"https:\/\/www.vaseuzemneni.cz\/sk\/wp-json\/wp\/v2\/product\/3489\/revisions"}],"predecessor-version":[{"id":6080,"href":"https:\/\/www.vaseuzemneni.cz\/sk\/wp-json\/wp\/v2\/product\/3489\/revisions\/6080"}],"wp:featuredmedia":[{"embeddable":true,"href":"https:\/\/www.vaseuzemneni.cz\/sk\/wp-json\/wp\/v2\/media\/6260"}],"wp:attachment":[{"href":"https:\/\/www.vaseuzemneni.cz\/sk\/wp-json\/wp\/v2\/media?parent=3489"}],"wp:term":[{"taxonomy":"product_brand","embeddable":true,"href":"https:\/\/www.vaseuzemneni.cz\/sk\/wp-json\/wp\/v2\/product_brand?post=3489"},{"taxonomy":"product_cat","embeddable":true,"href":"https:\/\/www.vaseuzemneni.cz\/sk\/wp-json\/wp\/v2\/product_cat?post=3489"},{"taxonomy":"product_tag","embeddable":true,"href":"https:\/\/www.vaseuzemneni.cz\/sk\/wp-json\/wp\/v2\/product_tag?post=3489"}],"curies":[{"name":"wp","href":"https:\/\/api.w.org\/{rel}","templated":true}]}}