{"id":4190,"date":"2025-03-09T13:50:34","date_gmt":"2025-03-09T13:50:34","guid":{"rendered":"https:\/\/www.vaseuzemneni.cz\/?post_type=product&#038;p=4190"},"modified":"2026-04-12T18:17:02","modified_gmt":"2026-04-12T18:17:02","slug":"uzemnovaci-povlak-polstar-40x40cm","status":"publish","type":"product","link":"https:\/\/www.vaseuzemneni.cz\/sk\/produkt\/uzemnovaci-povlak-polstar-40x40cm\/","title":{"rendered":"Uzem\u0148ovac\u00ed povlak na pol\u0161t\u00e1\u0159 40x40cm"},"content":{"rendered":"<p>Uzem\u0148ovac\u00ed povlak na pol\u0161t\u00e1\u0159 je dal\u0161\u00ed mo\u017enost\u00ed jak se uzemnit p\u0159es den i&nbsp;v&nbsp;noci. Pol\u0161t\u00e1\u0159ek si jednodu\u0161e polo\u017e\u00edte na gau\u010d, pohovku nebo \u017eidli a&nbsp;m\u016f\u017eete se o&nbsp;n\u011bj op\u00edrat nebo se ho jen dot\u00fdkat rukou. Je po&nbsp;cel\u00e9 plo\u0161e vodiv\u00fd. Poskytne V\u00e1m uzemn\u011bn\u00ed cel\u00e9ho t\u011bla a&nbsp;pom\u016f\u017ee l\u00e9pe relaxovat a&nbsp;regenerovat. Je ide\u00e1ln\u00ed pro p\u0159\u00edm\u00e9 uzemn\u011bn\u00ed kon\u010detin &#8211; op\u0159ete si o&nbsp;n\u011bj loket, podlo\u017ete koleno nebo si na pol\u0161t\u00e1\u0159ek dejte chodila, to u\u017e z\u00e1le\u017e\u00ed na Va\u0161ich pot\u0159eb\u00e1ch a&nbsp;preferenc\u00edch. V\u011bt\u0161\u00ed rozm\u011bry uzem\u0148ovac\u00edho povlaku na pol\u0161t\u00e1\u0159 vyu\u017eijete v&nbsp;lo\u017enici. Sta\u010d\u00ed navl\u00e9ci na sv\u016fj pol\u0161t\u00e1\u0159 a&nbsp;m\u016f\u017eete b\u00fdt uzemn\u011bni celou noc.<\/p>\n<p>Mal\u00fd povlak na pol\u0161t\u00e1\u0159 je ide\u00e1ln\u00ed alternativa m\u00edsto <a href=\"https:\/\/www.vaseuzemneni.cz\/sk\/produkt\/univerzalni-uzemnovaci-podlozka\/\">Univerz\u00e1ln\u00ed uzem\u0148ovac\u00ed podlo\u017eka<\/a>.<\/p>\n<p>V\u011bt\u0161\u00ed rozm\u011bry uzem\u0148ovac\u00edho povlaku na pol\u0161t\u00e1\u0159 vyu\u017eijete v&nbsp;lo\u017enici. Sta\u010d\u00ed navl\u00e9ci na sv\u016fj pol\u0161t\u00e1\u0159 a&nbsp;m\u016f\u017eete b\u00fdt uzemn\u011bni celou noc.<\/p>\n<p>Jeliko\u017e je povlak velmi vodiv\u00fd, je mo\u017en\u00e9 jej pou\u017e\u00edt jako podvl\u00e9kac\u00ed \u2013 na pol\u0161t\u00e1\u0159 navl\u00e9knete uzem\u0148ovac\u00ed povlak a&nbsp;na n\u011bj navl\u00e9knete sv\u016fj obl\u00edben\u00fd povlak na pol\u0161t\u00e1\u0159 (doporu\u010dujeme ten\u010d\u00ed materi\u00e1ly \u2013 bavlna, bambus, sat\u00e9n). Jen nezapom\u00ednejte, \u017ee k&nbsp;uzemn\u011bn\u00ed je nutn\u00e9 m\u00edt produkt zapojen\u00fd do z\u00e1suvky na\u0161\u00ed uzem\u0148ovac\u00ed z\u00e1str\u010dkou (je sou\u010d\u00e1st\u00ed balen\u00ed) a&nbsp;je tedy zv\u00fd\u0161en\u00e9 riziko zamot\u00e1n\u00ed se do kabelu p\u0159i&nbsp;sp\u00e1nku. Dbejte zv\u00fd\u0161en\u00e9 opatrnosti a&nbsp;ve\u010fte kabel bezpe\u010dnou cestou, aby nedo\u0161lo k&nbsp;\u00farazu.<\/p>\n<p><strong>Uzem\u0148ovac\u00ed povlak na pol\u0161t\u00e1\u0159 nab\u00edz\u00edme ve t\u0159ech velikostech<\/strong><\/p>\n<p><strong>40x40cm<\/strong> \u2013 vhodn\u00fd na gau\u010d k&nbsp;relaxaci u&nbsp;televize nebo knihy. M\u016f\u017eete se o&nbsp;n\u011bj op\u0159\u00edt nebo si podlo\u017eit nohy, ruce \u010di&nbsp;hlavu. Nedoporu\u010dujeme jej k&nbsp;del\u0161\u00edmu sp\u00e1nku, jeliko\u017e d\u00edky mal\u00fdm rozm\u011br\u016fm je snadn\u00e9 se zamotat do kabelu ve sp\u00e1nku.<\/p>\n<p><strong>50x70cm<\/strong> \u2013 st\u0159edn\u00ed pol\u0161t\u00e1\u0159 \u2013 ide\u00e1ln\u00ed na gau\u010d i&nbsp;do postele. Pohodln\u011b se na n\u011bm vysp\u00edte, ale p\u0159itom nen\u00ed p\u0159\u00edli\u0161 velk\u00fd, tak\u017ee si m\u016f\u017eete i&nbsp;podep\u0159\u00edt nohy pro rychlej\u0161\u00ed regeneraci. M\u016f\u017eete jej pou\u017e\u00edt jako podvl\u00e9kac\u00ed.<\/p>\n<p><strong>70x90cm<\/strong> \u2013 velk\u00fd pol\u0161t\u00e1\u0159 \u2013 jedn\u00e1 se o&nbsp;klasick\u00fd rozm\u011br povlaku na pol\u0161t\u00e1\u0159. Vhodn\u00fd ke ka\u017edodenn\u00edmu sp\u00e1nku. M\u016f\u017eete jej pou\u017e\u00edt jako podvl\u00e9kac\u00ed. V\u00fdborn\u00e1 alternativa pokud nem\u016f\u017eete m\u00edt uzem\u0148ovac\u00ed prost\u011bradlo.<\/p>\n<p>Pokud pot\u0159ebujete jin\u00fd rozm\u011br pol\u0161t\u00e1\u0159e, napi\u0161te n\u00e1m mail na <a href=\"mailto:jana@vaseuzemneni.cz\">jana@vaseuzemneni.cz<\/a>. Uve\u010fte o&nbsp;kolik kus\u016f a&nbsp;jak\u00fd rozm\u011br m\u00e1te z\u00e1jem. Ozveme se V\u00e1m s&nbsp;cenovou kalkulac\u00ed.<\/p>\n<h2>\u00da\u010dinky uzem\u0148ov\u00e1n\u00ed<\/h2>\n<p>Uzem\u0148ov\u00e1n\u00ed m\u00e1 dle zku\u0161enost\u00ed mnoha lid\u00ed z&nbsp;\u0159ad na\u0161ich z\u00e1kazn\u00edk\u016f i&nbsp;mimo n\u011b pozitivn\u00ed \u00fa\u010dinky. Na\u0161i <a href=\"https:\/\/www.vaseuzemneni.cz\/sk\/recenze-uzemnovaci-podlozky-prosteradla\/\" target=\"_blank\" rel=\"noopener\">z\u00e1kazn\u00edci \u010dasto zmi\u0148uj\u00ed<\/a>, \u017ee jim uzem\u0148ov\u00e1n\u00ed pomohlo a&nbsp;zmi\u0148uj\u00ed sv\u00e9 pocity t\u00fdkaj\u00edc\u00ed se pohodl\u00ed p\u0159i&nbsp;sp\u00e1nku, pocitu relaxace \u010di&nbsp;celkov\u00e9 pohody.<\/p>\n<p>V odborn\u00e9m tisku bylo tak\u00e9 publikov\u00e1no mnoho <a href=\"https:\/\/www.google.com\/search?q=portal+o+uzemnovani+vedecke+studie\" target=\"_blank\" rel=\"noopener\">studi\u00ed t\u00fdkaj\u00edc\u00edch se pozitivn\u00edch \u00fa\u010dink\u016f uzem\u0148ov\u00e1n\u00ed<\/a> na lidsk\u00e9 t\u011blo.<\/p>\n<p>Bohu\u017eel v\u0161ak vzhledem k&nbsp;legislativ\u011b EU a&nbsp;jej\u00edmu na\u0159\u00edzen\u00ed nejsme opr\u00e1vn\u011bni na e-shopu zve\u0159ej\u0148ovat jak\u00e9koli p\u0159\u00edm\u00e9 zdravotn\u00ed informace, proto\u017ee na\u0161e produkty nejsou registrovan\u00fdmi zdravotnick\u00fdmi prost\u0159edky.<\/p>\n<p><em>Pozn.: Tento produkt nen\u00ed zdravotnick\u00fdm prost\u0159edkem ve smyslu na\u0159\u00edzen\u00ed (EU) 2017\/745. Nen\u00ed ur\u010den k&nbsp;diagnostice, l\u00e9\u010db\u011b, zm\u00edrn\u011bn\u00ed ani prevenci \u017e\u00e1dn\u00e9ho onemocn\u011bn\u00ed nebo zdravotn\u00edho stavu \u010di&nbsp;probl\u00e9mu. Nenahrazuje l\u00e9ka\u0159skou p\u00e9\u010di. Pokud trp\u00edte chronick\u00fdmi obt\u00ed\u017eemi nebo zdravotn\u00edmi probl\u00e9my, pora\u010fte p\u0159ed pou\u017eit\u00edm uzem\u0148ovac\u00edch prost\u011bradel se sv\u00fdm l\u00e9ka\u0159em. Produkt je ur\u010den v\u00fdhradn\u011b pro podporu celkov\u00e9ho pohodl\u00ed a&nbsp;zdrav\u00e9ho \u017eivotn\u00edho stylu.<\/em><\/p>","protected":false},"excerpt":{"rendered":"<p>Uzem\u0148ovac\u00ed povlak na pol\u0161t\u00e1\u0159 je dal\u0161\u00ed mo\u017enost\u00ed jak se uzemnit p\u0159es den i&nbsp;v&nbsp;noci. Pol\u0161t\u00e1\u0159ek si jednodu\u0161e polo\u017e\u00edte na gau\u010d, pohovku nebo \u017eidli a&nbsp;m\u016f\u017eete se o&nbsp;n\u011bj op\u00edrat nebo se ho jen dot\u00fdkat rukou. Je po&nbsp;cel\u00e9 plo\u0161e vodiv\u00fd. Poskytne V\u00e1m uzemn\u011bn\u00ed cel\u00e9ho t\u011bla a&nbsp;pom\u016f\u017ee l\u00e9pe relaxovat a&nbsp;regenerovat. Je ide\u00e1ln\u00ed pro p\u0159\u00edm\u00e9 uzemn\u011bn\u00ed kon\u010detin &#8211; op\u0159ete si o&nbsp;n\u011bj loket, podlo\u017ete koleno nebo si na pol\u0161t\u00e1\u0159ek dejte chodila, to u\u017e z\u00e1le\u017e\u00ed na Va\u0161ich pot\u0159eb\u00e1ch a&nbsp;preferenc\u00edch. V\u011bt\u0161\u00ed rozm\u011bry uzem\u0148ovac\u00edho povlaku na pol\u0161t\u00e1\u0159 vyu\u017eijete v&nbsp;lo\u017enici. Sta\u010d\u00ed navl\u00e9ci na sv\u016fj pol\u0161t\u00e1\u0159 a&nbsp;m\u016f\u017eete b\u00fdt uzemn\u011bni celou noc.<\/p>\n<p>Mal\u00fd povlak na pol\u0161t\u00e1\u0159 je ide\u00e1ln\u00ed alternativa m\u00edsto <a href=\"https:\/\/www.vaseuzemneni.cz\/sk\/produkt\/univerzalni-uzemnovaci-podlozka\/\">Univerz\u00e1ln\u00ed uzem\u0148ovac\u00ed podlo\u017eky<\/a>.<\/p>\n<p>Sou\u010d\u00e1st\u00ed balen\u00ed je sv\u011btle \u0161ed\u00fd povlak na pol\u0161t\u00e1\u0159 a&nbsp;uzem\u0148ovac\u00ed z\u00e1suvka.<\/p>","protected":false},"featured_media":6264,"comment_status":"open","ping_status":"closed","template":"","meta":{"_acf_changed":false,"inline_featured_image":false},"product_brand":[],"product_cat":[37],"product_tag":[],"class_list":{"0":"post-4190","1":"product","2":"type-product","3":"status-publish","4":"has-post-thumbnail","6":"product_cat-uzemnovaci-povlak-na-polstar","8":"first","9":"instock","10":"shipping-taxable","11":"purchasable","12":"product-type-simple"},"acf":[],"yoast_head":"<!-- This site is optimized with the Yoast SEO plugin v27.3 - https:\/\/yoast.com\/product\/yoast-seo-wordpress\/ -->\n<title>Uzem\u0148ovac\u00ed povlak na pol\u0161t\u00e1\u0159 40x40cm - Va\u0161eUzemn\u011bn\u00ed.cz - Uzem\u0148ovac\u00ed prost\u011bradla a podlo\u017eky<\/title>\n<meta name=\"robots\" content=\"index, follow, max-snippet:-1, max-image-preview:large, max-video-preview:-1\" \/>\n<link rel=\"canonical\" href=\"https:\/\/www.vaseuzemneni.cz\/sk\/produkt\/uzemnovaci-povlak-polstar-40x40cm\/\" \/>\n<script type=\"application\/ld+json\" class=\"yoast-schema-graph\">{\"@context\":\"https:\\\/\\\/schema.org\",\"@graph\":[{\"@type\":\"BreadcrumbList\",\"@id\":\"https:\\\/\\\/www.vaseuzemneni.cz\\\/produkt\\\/uzemnovaci-povlak-polstar-40x40cm\\\/#breadcrumb\",\"itemListElement\":[{\"@type\":\"ListItem\",\"position\":1,\"name\":\"Dom\u016f\",\"item\":\"https:\\\/\\\/www.vaseuzemneni.cz\\\/\"},{\"@type\":\"ListItem\",\"position\":2,\"name\":\"Obchod\",\"item\":\"https:\\\/\\\/www.vaseuzemneni.cz\\\/obchod\\\/\"},{\"@type\":\"ListItem\",\"position\":3,\"name\":\"Uzem\u0148ovac\u00ed povlak na pol\u0161t\u00e1\u0159 40x40cm\"}]}]}<\/script>\n<!-- \/ Yoast SEO plugin. -->","yoast_head_json":{"title":"Uzem\u0148ovac\u00ed povlak na pol\u0161t\u00e1\u0159 40x40cm - Va\u0161eUzemn\u011bn\u00ed.cz - Uzem\u0148ovac\u00ed prost\u011bradla a podlo\u017eky","robots":{"index":"index","follow":"follow","max-snippet":"max-snippet:-1","max-image-preview":"max-image-preview:large","max-video-preview":"max-video-preview:-1"},"canonical":"https:\/\/www.vaseuzemneni.cz\/sk\/produkt\/uzemnovaci-povlak-polstar-40x40cm\/","schema":{"@context":"https:\/\/schema.org","@graph":[{"@type":"BreadcrumbList","@id":"https:\/\/www.vaseuzemneni.cz\/produkt\/uzemnovaci-povlak-polstar-40x40cm\/#breadcrumb","itemListElement":[{"@type":"ListItem","position":1,"name":"Dom\u016f","item":"https:\/\/www.vaseuzemneni.cz\/"},{"@type":"ListItem","position":2,"name":"Obchod","item":"https:\/\/www.vaseuzemneni.cz\/obchod\/"},{"@type":"ListItem","position":3,"name":"Uzem\u0148ovac\u00ed povlak na pol\u0161t\u00e1\u0159 40x40cm"}]}]}},"_links":{"self":[{"href":"https:\/\/www.vaseuzemneni.cz\/sk\/wp-json\/wp\/v2\/product\/4190","targetHints":{"allow":["GET"]}}],"collection":[{"href":"https:\/\/www.vaseuzemneni.cz\/sk\/wp-json\/wp\/v2\/product"}],"about":[{"href":"https:\/\/www.vaseuzemneni.cz\/sk\/wp-json\/wp\/v2\/types\/product"}],"replies":[{"embeddable":true,"href":"https:\/\/www.vaseuzemneni.cz\/sk\/wp-json\/wp\/v2\/comments?post=4190"}],"version-history":[{"count":28,"href":"https:\/\/www.vaseuzemneni.cz\/sk\/wp-json\/wp\/v2\/product\/4190\/revisions"}],"predecessor-version":[{"id":6303,"href":"https:\/\/www.vaseuzemneni.cz\/sk\/wp-json\/wp\/v2\/product\/4190\/revisions\/6303"}],"wp:featuredmedia":[{"embeddable":true,"href":"https:\/\/www.vaseuzemneni.cz\/sk\/wp-json\/wp\/v2\/media\/6264"}],"wp:attachment":[{"href":"https:\/\/www.vaseuzemneni.cz\/sk\/wp-json\/wp\/v2\/media?parent=4190"}],"wp:term":[{"taxonomy":"product_brand","embeddable":true,"href":"https:\/\/www.vaseuzemneni.cz\/sk\/wp-json\/wp\/v2\/product_brand?post=4190"},{"taxonomy":"product_cat","embeddable":true,"href":"https:\/\/www.vaseuzemneni.cz\/sk\/wp-json\/wp\/v2\/product_cat?post=4190"},{"taxonomy":"product_tag","embeddable":true,"href":"https:\/\/www.vaseuzemneni.cz\/sk\/wp-json\/wp\/v2\/product_tag?post=4190"}],"curies":[{"name":"wp","href":"https:\/\/api.w.org\/{rel}","templated":true}]}}