{"id":5774,"date":"2025-11-24T10:40:56","date_gmt":"2025-11-24T10:40:56","guid":{"rendered":"https:\/\/www.vaseuzemneni.cz\/?post_type=product&#038;p=5774"},"modified":"2026-04-08T15:08:37","modified_gmt":"2026-04-08T15:08:37","slug":"uzemnovaci-prosteradlo-160x200cm","status":"publish","type":"product","link":"https:\/\/www.vaseuzemneni.cz\/sk\/produkt\/uzemnovaci-prosteradlo-160x200cm\/","title":{"rendered":"Uzem\u0148ovac\u00ed prost\u011bradlo 160x200cm"},"content":{"rendered":"<p>Za\u017eijte pocit spojen\u00ed se Zem\u00ed d\u00edky na\u0161emu uzem\u0148ovac\u00edmu prost\u011bradlu, kter\u00e9 p\u0159in\u00e1\u0161\u00ed komfort a&nbsp;p\u0159irozenost do va\u0161eho sp\u00e1nkov\u00e9ho prost\u0159ed\u00ed. Prost\u011bradla pro V\u00e1s \u0161ijeme v&nbsp;Ostravsk\u00e9 d\u00edln\u011b a&nbsp;jsou navr\u017eena pro maxim\u00e1ln\u00ed pohodl\u00ed b\u011bhem sp\u00e1nku. Jsou v\u00fdborn\u011b prody\u0161n\u00e1 a&nbsp;velmi trvanliv\u00e1. V\u00fdhoda na\u0161ich prost\u011bradel je ve vysok\u00e9 vodivosti, tak\u017ee se pou\u017e\u00edvaj\u00ed jako podvl\u00e9kac\u00ed, ani\u017e by ztratila uzem\u0148ovac\u00ed \u00fa\u010dinek \u2013 um\u00edst\u00edte je tedy pod sv\u00e9 obl\u00edben\u00e9 prost\u011bradlo.<\/p>\n<p>Prost\u011bradla nab\u00edz\u00edme v&nbsp;obvykl\u00fdch velikostech, aby pokryly celou plochu Va\u0161\u00ed matrace. Sou\u010d\u00e1st\u00ed balen\u00ed je krom\u011b prost\u011bradla tak\u00e9 speci\u00e1ln\u00ed uzem\u0148ovac\u00ed z\u00e1suvka se 4m kabelem.<\/p>\n<h2>Jedine\u010dn\u00e9 vlastnosti na\u0161ich prost\u011bradel<\/h2>\n<p><strong>1. Bezkonkuren\u010dn\u00ed pohodl\u00ed a&nbsp;odolnost:<\/strong> M\u011bkk\u00e9 a&nbsp;prody\u0161n\u00e9 proveden\u00ed na\u0161eho prost\u011bradla V\u00e1m zajist\u00ed maxim\u00e1ln\u00ed pohodl\u00ed po&nbsp;celou noc. Pocitov\u011b je materi\u00e1l velmi bl\u00edzk\u00fd lo\u017en\u00edmu pl\u00e1tnu z&nbsp;\u010dist\u00e9 bavlny. Prost\u011bradlo je vyrobeno tak, aby vydr\u017eelo a&nbsp;zaru\u010duje spolehliv\u00e9 a&nbsp;dlouhotrvaj\u00edc\u00ed uzemn\u011bn\u00ed.<\/p>\n<p><strong>2. Prost\u011bradlo je podvl\u00e9kac\u00ed:<\/strong> D\u00edky velmi vysok\u00e9 vodivosti je na\u0161e prost\u011bradlo navr\u017eeno jako podvl\u00e9kac\u00ed (ani\u017e by ztratilo uzem\u0148ovac\u00ed \u00fa\u010dinek). Um\u00edst\u00edte je tedy pod sv\u00e9 b\u011b\u017en\u00e9 obl\u00edben\u00e9 prost\u011bradlo. Sn\u00ed\u017e\u00edte t\u00edm \u010detnost pran\u00ed a&nbsp;\u017eivotnost prost\u011bradla t\u00edm je\u0161t\u011b prodlou\u017e\u00edte.<\/p>\n<p><strong>3. P\u0159izp\u016fsobeno Va\u0161im pot\u0159eb\u00e1m:<\/strong> Vyberete si z&nbsp;\u0159ady rozm\u011br\u016f dle velikosti Va\u0161eho l\u016f\u017eka. Mysleli jsme i&nbsp;na velikost MINI ur\u010denou na cesty.<\/p>\n<p><strong>4.&nbsp;\u00dadr\u017eba bez n\u00e1mahy:<\/strong> Na\u0161e prost\u011bradla se snadno \u010dist\u00ed a&nbsp;udr\u017euj\u00ed. V\u0161echna prost\u011bradla jsou prateln\u00e1 b\u011b\u017en\u00fdm zp\u016fsobem (b\u011b\u017en\u00fd prac\u00ed pr\u00e1\u0161ek, na 40 stup\u0148\u016f, ned\u00e1vat do su\u0161i\u010dky).<\/p>\n<p><strong>5. Pr\u00e9miov\u00e1 kvalita:<\/strong> Prost\u011bradlo je vyrobeno z&nbsp;vysoce kvalitn\u00ed l\u00e1tky s&nbsp;velk\u00fdm obsahem nerezov\u00fdch vl\u00e1ken a&nbsp;zaji\u0161\u0165uje tak vysokou odolnost a&nbsp;\u017eivotnost (10+ let p\u0159i&nbsp;b\u011b\u017en\u00e9m pou\u017e\u00edv\u00e1n\u00ed). Z\u00e1rove\u0148 tak\u00e9 m\u00e1 certifikaci OEKO-TEX\u00ae Standard 100.<\/p>\n<h2>\u00da\u010dinky uzem\u0148ov\u00e1n\u00ed<\/h2>\n<p>Uzem\u0148ov\u00e1n\u00ed m\u00e1 dle zku\u0161enost\u00ed mnoha lid\u00ed z&nbsp;\u0159ad na\u0161ich z\u00e1kazn\u00edk\u016f i&nbsp;mimo n\u011b pozitivn\u00ed \u00fa\u010dinky. Na\u0161i <a href=\"https:\/\/www.vaseuzemneni.cz\/sk\/recenze-uzemnovaci-podlozky-prosteradla\/\" target=\"_blank\" rel=\"noopener\">z\u00e1kazn\u00edci \u010dasto zmi\u0148uj\u00ed<\/a>, \u017ee jim uzem\u0148ov\u00e1n\u00ed pomohlo a&nbsp;zmi\u0148uj\u00ed sv\u00e9 pocity t\u00fdkaj\u00edc\u00ed se pohodl\u00ed p\u0159i&nbsp;sp\u00e1nku, pocitu relaxace \u010di&nbsp;celkov\u00e9 pohody.<\/p>\n<p>V odborn\u00e9m tisku bylo tak\u00e9 publikov\u00e1no mnoho <a href=\"https:\/\/www.google.com\/search?q=portal+o+uzemnovani+vedecke+studie\" target=\"_blank\" rel=\"noopener\">studi\u00ed t\u00fdkaj\u00edc\u00edch se pozitivn\u00edch \u00fa\u010dink\u016f uzem\u0148ov\u00e1n\u00ed<\/a> na lidsk\u00e9 t\u011blo.<\/p>\n<p>Bohu\u017eel v\u0161ak vzhledem k&nbsp;legislativ\u011b EU a&nbsp;jej\u00edmu na\u0159\u00edzen\u00ed nejsme opr\u00e1vn\u011bni na e-shopu zve\u0159ej\u0148ovat jak\u00e9koli p\u0159\u00edm\u00e9 zdravotn\u00ed informace, proto\u017ee na\u0161e produkty nejsou registrovan\u00fdmi zdravotnick\u00fdmi prost\u0159edky.<\/p>\n<p><em>Pozn.: Tento produkt nen\u00ed zdravotnick\u00fdm prost\u0159edkem ve smyslu na\u0159\u00edzen\u00ed (EU) 2017\/745. Nen\u00ed ur\u010den k&nbsp;diagnostice, l\u00e9\u010db\u011b, zm\u00edrn\u011bn\u00ed ani prevenci \u017e\u00e1dn\u00e9ho onemocn\u011bn\u00ed nebo zdravotn\u00edho stavu \u010di&nbsp;probl\u00e9mu. Nenahrazuje l\u00e9ka\u0159skou p\u00e9\u010di. Pokud trp\u00edte chronick\u00fdmi obt\u00ed\u017eemi nebo zdravotn\u00edmi probl\u00e9my, pora\u010fte p\u0159ed pou\u017eit\u00edm uzem\u0148ovac\u00edch prost\u011bradel se sv\u00fdm l\u00e9ka\u0159em. Produkt je ur\u010den v\u00fdhradn\u011b pro podporu celkov\u00e9ho pohodl\u00ed a&nbsp;zdrav\u00e9ho \u017eivotn\u00edho stylu.<\/em><\/p>","protected":false},"excerpt":{"rendered":"<p><strong>Objevte p\u0159irozen\u00fd pocit spojen\u00ed se Zem\u00ed a&nbsp;dop\u0159ejte si p\u0159\u00edjemn\u011bj\u0161\u00ed z\u00e1\u017eitek ze sp\u00e1nku s&nbsp;na\u0161\u00edm uzem\u0148ovac\u00edm prost\u011bradlem.<\/strong>\u00a0Prost\u011bradla pro V\u00e1s \u0161ijeme v&nbsp;Ostravsk\u00e9 d\u00edln\u011b a&nbsp;jsou navr\u017eena pro maxim\u00e1ln\u00ed pohodl\u00ed b\u011bhem sp\u00e1nku. Jsou v\u00fdborn\u011b prody\u0161n\u00e1 a&nbsp;velmi trvanliv\u00e1. V\u00fdhoda na\u0161ich prost\u011bradel je ve vysok\u00e9 vodivosti, tak\u017ee se pou\u017e\u00edvaj\u00ed jako podvl\u00e9kac\u00ed, ani\u017e by ztratila uzem\u0148ovac\u00ed \u00fa\u010dinek \u2013 um\u00edst\u00edte je tedy pod sv\u00e9 obl\u00edben\u00e9 prost\u011bradlo.<\/p>\n<p>Prost\u011bradla nab\u00edz\u00edme v&nbsp;obvykl\u00fdch velikostech, aby pokryly celou plochu Va\u0161\u00ed matrace. Sou\u010d\u00e1st\u00ed balen\u00ed je krom\u011b prost\u011bradla tak\u00e9 speci\u00e1ln\u00ed uzem\u0148ovac\u00ed z\u00e1suvka se 4m kabelem.<\/p>","protected":false},"featured_media":6284,"comment_status":"open","ping_status":"closed","template":"","meta":{"_acf_changed":false,"inline_featured_image":false},"product_brand":[],"product_cat":[23],"product_tag":[],"class_list":{"0":"post-5774","1":"product","2":"type-product","3":"status-publish","4":"has-post-thumbnail","6":"product_cat-uzemnovaci-prosteradla","8":"first","9":"instock","10":"shipping-taxable","11":"purchasable","12":"product-type-simple"},"acf":[],"yoast_head":"<!-- This site is optimized with the Yoast SEO plugin v27.3 - https:\/\/yoast.com\/product\/yoast-seo-wordpress\/ -->\n<title>Uzem\u0148ovac\u00ed prost\u011bradlo 160x200cm - Va\u0161eUzemn\u011bn\u00ed.cz - Uzem\u0148ovac\u00ed prost\u011bradla a podlo\u017eky<\/title>\n<meta name=\"robots\" content=\"index, follow, max-snippet:-1, max-image-preview:large, max-video-preview:-1\" \/>\n<link rel=\"canonical\" href=\"https:\/\/www.vaseuzemneni.cz\/sk\/produkt\/uzemnovaci-prosteradlo-160x200cm\/\" \/>\n<script type=\"application\/ld+json\" class=\"yoast-schema-graph\">{\"@context\":\"https:\\\/\\\/schema.org\",\"@graph\":[{\"@type\":\"BreadcrumbList\",\"@id\":\"https:\\\/\\\/www.vaseuzemneni.cz\\\/produkt\\\/uzemnovaci-prosteradlo-160x200cm\\\/#breadcrumb\",\"itemListElement\":[{\"@type\":\"ListItem\",\"position\":1,\"name\":\"Dom\u016f\",\"item\":\"https:\\\/\\\/www.vaseuzemneni.cz\\\/\"},{\"@type\":\"ListItem\",\"position\":2,\"name\":\"Obchod\",\"item\":\"https:\\\/\\\/www.vaseuzemneni.cz\\\/obchod\\\/\"},{\"@type\":\"ListItem\",\"position\":3,\"name\":\"Uzem\u0148ovac\u00ed prost\u011bradlo 160x200cm\"}]}]}<\/script>\n<!-- \/ Yoast SEO plugin. -->","yoast_head_json":{"title":"Uzem\u0148ovac\u00ed prost\u011bradlo 160x200cm - Va\u0161eUzemn\u011bn\u00ed.cz - Uzem\u0148ovac\u00ed prost\u011bradla a podlo\u017eky","robots":{"index":"index","follow":"follow","max-snippet":"max-snippet:-1","max-image-preview":"max-image-preview:large","max-video-preview":"max-video-preview:-1"},"canonical":"https:\/\/www.vaseuzemneni.cz\/sk\/produkt\/uzemnovaci-prosteradlo-160x200cm\/","schema":{"@context":"https:\/\/schema.org","@graph":[{"@type":"BreadcrumbList","@id":"https:\/\/www.vaseuzemneni.cz\/produkt\/uzemnovaci-prosteradlo-160x200cm\/#breadcrumb","itemListElement":[{"@type":"ListItem","position":1,"name":"Dom\u016f","item":"https:\/\/www.vaseuzemneni.cz\/"},{"@type":"ListItem","position":2,"name":"Obchod","item":"https:\/\/www.vaseuzemneni.cz\/obchod\/"},{"@type":"ListItem","position":3,"name":"Uzem\u0148ovac\u00ed prost\u011bradlo 160x200cm"}]}]}},"_links":{"self":[{"href":"https:\/\/www.vaseuzemneni.cz\/sk\/wp-json\/wp\/v2\/product\/5774","targetHints":{"allow":["GET"]}}],"collection":[{"href":"https:\/\/www.vaseuzemneni.cz\/sk\/wp-json\/wp\/v2\/product"}],"about":[{"href":"https:\/\/www.vaseuzemneni.cz\/sk\/wp-json\/wp\/v2\/types\/product"}],"replies":[{"embeddable":true,"href":"https:\/\/www.vaseuzemneni.cz\/sk\/wp-json\/wp\/v2\/comments?post=5774"}],"version-history":[{"count":6,"href":"https:\/\/www.vaseuzemneni.cz\/sk\/wp-json\/wp\/v2\/product\/5774\/revisions"}],"predecessor-version":[{"id":6296,"href":"https:\/\/www.vaseuzemneni.cz\/sk\/wp-json\/wp\/v2\/product\/5774\/revisions\/6296"}],"wp:featuredmedia":[{"embeddable":true,"href":"https:\/\/www.vaseuzemneni.cz\/sk\/wp-json\/wp\/v2\/media\/6284"}],"wp:attachment":[{"href":"https:\/\/www.vaseuzemneni.cz\/sk\/wp-json\/wp\/v2\/media?parent=5774"}],"wp:term":[{"taxonomy":"product_brand","embeddable":true,"href":"https:\/\/www.vaseuzemneni.cz\/sk\/wp-json\/wp\/v2\/product_brand?post=5774"},{"taxonomy":"product_cat","embeddable":true,"href":"https:\/\/www.vaseuzemneni.cz\/sk\/wp-json\/wp\/v2\/product_cat?post=5774"},{"taxonomy":"product_tag","embeddable":true,"href":"https:\/\/www.vaseuzemneni.cz\/sk\/wp-json\/wp\/v2\/product_tag?post=5774"}],"curies":[{"name":"wp","href":"https:\/\/api.w.org\/{rel}","templated":true}]}}