{"id":615,"date":"2021-03-15T16:40:36","date_gmt":"2021-03-15T16:40:36","guid":{"rendered":"https:\/\/www.vaseuzemneni.cz\/?post_type=product&#038;p=615"},"modified":"2026-04-13T06:39:23","modified_gmt":"2026-04-13T06:39:23","slug":"kniha-uzemneni-zdravi-prospesny-objev-vsech-dob","status":"publish","type":"product","link":"https:\/\/www.vaseuzemneni.cz\/sk\/produkt\/kniha-uzemneni-zdravi-prospesny-objev-vsech-dob\/","title":{"rendered":"Uzemn\u011bn\u00ed &#8211; zdrav\u00ed prosp\u011b\u0161n\u00fd objev v\u0161ech dob"},"content":{"rendered":"<p>Auto\u0159i: Clinton Ober; Stephen T. Sinatra; Martin Zucker<\/p>\n\n\n\n<p>Kniha <strong>Uzemn\u011bn\u00ed \u2013 zdrav\u00ed prosp\u011b\u0161n\u00fd objev v\u0161ech dob<\/strong> p\u0159in\u00e1\u0161\u00ed srozumiteln\u00e9 vysv\u011btlen\u00ed fenom\u00e9nu uzemn\u011bn\u00ed, kter\u00fd v&nbsp;posledn\u00edch letech z\u00edsk\u00e1v\u00e1 pozornost po&nbsp;cel\u00e9m sv\u011bt\u011b. Auto\u0159i podrobn\u011b popisuj\u00ed, jak tento koncept vznikl, na jak\u00fdch fyzik\u00e1ln\u00edch a&nbsp;biologick\u00fdch principech je zalo\u017een a&nbsp;jak\u00e9 v\u00fdzkumy a&nbsp;studie byly v&nbsp;t\u00e9to oblasti realizov\u00e1ny.<\/p>\n\n\n\n<p>V\u00fdznamn\u00e1 \u010d\u00e1st knihy se v\u011bnuje souvislostem mezi uzemn\u011bn\u00edm a&nbsp;procesy v&nbsp;lidsk\u00e9m t\u011ble, zejm\u00e9na t\u00e9matu chronick\u00e9ho z\u00e1n\u011btu, regenerace, sp\u00e1nku a&nbsp;celkov\u00e9 rovnov\u00e1hy organismu. Auto\u0159i p\u0159edstavuj\u00ed studie zam\u011b\u0159en\u00e9 na vliv kontaktu se Zem\u00ed na fyziologick\u00e9 procesy a&nbsp;vysv\u011btluj\u00ed, pro\u010d m\u016f\u017ee b\u00fdt p\u0159irozen\u00fd elektrick\u00fd potenci\u00e1l Zem\u011b pro lidsk\u00e9 t\u011blo pozitivn\u00edm faktorem.<\/p>\n\n\n\n<p>Sou\u010d\u00e1st\u00ed knihy jsou skute\u010dn\u00e9 p\u0159\u00edb\u011bhy lid\u00ed, kte\u0159\u00ed popisuj\u00ed sv\u00e9 zku\u0161enosti po&nbsp;za\u0159azen\u00ed uzemn\u011bn\u00ed do ka\u017edodenn\u00edho \u017eivota, a&nbsp;tak\u00e9 koment\u00e1\u0159e l\u00e9ka\u0159\u016f, terapeut\u016f a&nbsp;dal\u0161\u00edch odborn\u00edk\u016f, kte\u0159\u00ed se t\u00e9matu v\u011bnovali z&nbsp;profesion\u00e1ln\u00ed perspektivy. \u010cten\u00e1\u0159 tak z\u00edsk\u00e1 nejen teoretick\u00fd z\u00e1klad, ale i&nbsp;\u0161ir\u0161\u00ed kontext a&nbsp;konkr\u00e9tn\u00ed pohledy z&nbsp;praxe.<\/p>\n\n\n\n<p>Publikace je vhodn\u00e1 pro ka\u017ed\u00e9ho, kdo se chce o&nbsp;uzemn\u011bn\u00ed dozv\u011bd\u011bt v\u00edce do hloubky, pochopit mo\u017en\u00e9 souvislosti mezi modern\u00edm \u017eivotn\u00edm stylem a&nbsp;ztr\u00e1tou kontaktu se Zem\u00ed a&nbsp;vytvo\u0159it si na toto t\u00e9ma vlastn\u00ed n\u00e1zor na z\u00e1klad\u011b dostupn\u00fdch informac\u00ed.<\/p>\n\n\n\n<h2 class=\"wp-block-heading\">Texty p\u0159ebalu knihy:<\/h2>\n\n\n\n<p><strong>Na\u010derpejte energii a&nbsp;s\u00edlu Zem\u011b!<\/strong><\/p>\n\n\n\n<p>Poznejte objev, jeho\u017e z\u00e1v\u011bry n\u00e1m doporu\u010duj\u00ed \u017e\u00edt v\u00edce v&nbsp;kontaktu se Zem\u00ed, vyu\u017e\u00edvat jej\u00edho p\u0159\u00edrodn\u00edho povrchov\u00e9ho n\u00e1boje a&nbsp;pomoc\u00ed jednoduch\u00fdch pom\u016fcek a&nbsp;zp\u016fsob\u016f, t\u0159eba jen ch\u016fz\u00ed naboso, se Zem\u011b dot\u00fdkat \u2013 uzem\u0148ovat se. Tento snadn\u00fd proces zabra\u0148uje tvorb\u011b chronick\u00fdch z\u00e1n\u011bt\u016f v&nbsp;t\u011ble a&nbsp;n\u00e1sledn\u011b rozvoji civiliza\u010dn\u00edch onemocn\u011bn\u00ed, poruch sp\u00e1nku, alergi\u00ed, hormon\u00e1ln\u00edch v\u00fdkyv\u016f, kloubn\u00edch pot\u00ed\u017e\u00ed, org\u00e1nov\u00e9ho posti\u017een\u00ed a&nbsp;dal\u0161\u00edch chronick\u00fdch probl\u00e9m\u016f.<\/p>\n\n\n\n<p>T\u00fdm autor\u016f p\u0159edkl\u00e1d\u00e1 odborn\u00e9 argumenty podlo\u017een\u00e9 fyzik\u00e1ln\u00edmi fakty, nejedn\u00e1 se tedy o&nbsp;dal\u0161\u00ed z&nbsp;\u0161arlat\u00e1nsk\u00fdch metod. Pozitivn\u00ed reakce lidsk\u00e9ho organismu na uzem\u0148ovac\u00ed procesy, a\u0165 u\u017e se jedn\u00e1 o&nbsp;pouh\u00e9 chozen\u00ed naboso venku \u010di&nbsp;span\u00ed na posteli s&nbsp;uzem\u0148ovac\u00edm kabelem, jsou v&nbsp;t\u00e9to knize zdokumentov\u00e1ny na des\u00edtk\u00e1ch p\u0159\u00edb\u011bh\u016f skute\u010dn\u00fdch lid\u00ed a&nbsp;na p\u00edsemn\u00e9m sv\u011bdectv\u00ed l\u00e9ka\u0159\u016f, fyzioterapeut\u016f, psychiatr\u016f a&nbsp;dal\u0161\u00edch specialist\u016f pe\u010duj\u00edc\u00edch o&nbsp;lidsk\u00e9 zdrav\u00ed.<br><br><\/p>\n\n\n\n<hr class=\"wp-block-separator has-alpha-channel-opacity\" \/>\n\n\n\n<p><br>\u201eUzemn\u011bn\u00ed n\u00e1s spojuje s&nbsp;p\u0159\u00edrodou a&nbsp;p\u0159\u00edroda je z\u00e1sadn\u00edm zdrojem zdrav\u00ed a&nbsp;uzdravov\u00e1n\u00ed. Tato kniha je p\u0159\u00edru\u010dkou k&nbsp;jednomu z&nbsp;nejv\u011bt\u0161\u00edch l\u00e9\u010div\u00fdch tajemstv\u00ed p\u0159\u00edrody.\u201c<\/p>\n\n\n\n<p>    \u2013 John Gray, Ph.D., autor knihy <em>Mu\u017ei jsou z&nbsp;Marsu, \u017eeny z&nbsp;Venu\u0161e<\/em><br><\/p>\n\n\n\n<p>\u201eUzemn\u011bn\u00ed se m\u016f\u017ee za\u0159adit rovnou vedle objeven\u00ed penicilinu. Tato kniha se pravd\u011bpodobn\u011b stane nejv\u00fdznamn\u011bj\u0161\u00ed zdravotnickou \u010detbou jednadvac\u00e1t\u00e9ho stolet\u00ed.\u201c<\/p>\n\n\n\n<p>    \u2013 Ann Louise Gittleman, Ph.D., C.N.S., autorka knihy <em>V\u00fd\u017eiva podle metabolick\u00fdch typ\u016f<\/em><br><br><\/p>\n\n\n\n<hr class=\"wp-block-separator has-alpha-channel-opacity\" \/>\n\n\n\n<p><br>Clinton Ober je odborn\u00edk v&nbsp;oboru elektrotechniky, \u010dasem se vypracoval do veden\u00ed firem zab\u00fdvaj\u00edc\u00edch se kabelov\u00fdmi a&nbsp;po\u010d\u00edta\u010dov\u00fdmi syst\u00e9my v&nbsp;USA. Po&nbsp;t\u011b\u017ek\u00e9m onemocn\u011bn\u00ed se za\u010dal v\u011bnovat v\u011bdeck\u00e9mu v\u00fdzkumu i&nbsp;praktick\u00e9mu pou\u017e\u00edv\u00e1n\u00ed konceptu uzemn\u011bn\u00ed. Stephen T. Sinatra, M.D., F.A.C.C., je kardiolog a&nbsp;certifikovan\u00fd bioenergetick\u00fd psychoterapeut se 40letou prax\u00ed, kter\u00fd se specializuje na boj se z\u00e1n\u011btliv\u00fdmi procesy v&nbsp;t\u011ble. Martin Zucker se u\u017e p\u0159es p\u011btat\u0159icet let zab\u00fdv\u00e1 psan\u00edm o&nbsp;p\u0159\u00edrodn\u00edm l\u00e9\u010den\u00ed, fitness a&nbsp;alternativn\u00ed medic\u00edn\u011b, napsal stovky \u010dl\u00e1nk\u016f a&nbsp;mnoho knih.<\/p>\n\n\n\n<h2 class=\"wp-block-heading\"><strong>Detaily o&nbsp;knize:<\/strong><\/h2>\n\n\n\n<p>N\u00e1zev knihy: <strong>Kniha Uzemn\u011bn\u00ed &#8211; zdrav\u00ed prosp\u011b\u0161n\u00fd objev v\u0161ech dob<\/strong><br>Auto\u0159i: <strong>Clinton Ober; Stephen T. Sinatra; Martin Zucker<\/strong><br>\u017d\u00e1nr:&nbsp;<strong>alternativn\u00ed medic\u00edna, zdrav\u00ed pro ka\u017ed\u00e9ho<\/strong><br>Po\u010det stran: <strong>276 stran<\/strong><\/p>\n\n\n\n<p>Vyd\u00e1n\u00ed: <strong>2.&nbsp;vyd\u00e1n\u00ed<\/strong><br>Rok vyd\u00e1n\u00ed: <strong>\u00fanor 2026<\/strong><br>Form\u00e1t: <strong>145&#215;205 mm<\/strong><br>Hmotnost: <strong>0,387&nbsp;kg<\/strong><\/p>\n\n\n\n<p>Typ: Kniha<br>Vazba: Bro\u017eovan\u00e1 bez p\u0159ebalu leskl\u00e1<br>Jazyk: \u010de\u0161tina<br>P\u016fvodn\u00ed n\u00e1zev:&nbsp;Earthing The most important health discovery ever!<br>P\u016fvodn\u00ed jazyk:&nbsp;angli\u010dtina<br>V\u011bk:&nbsp;od 15<\/p>\n\n\n\n<p>ISBN: 978-80-264-5929-3<br>EAN:&nbsp;9788026459293<br><\/p>","protected":false},"excerpt":{"rendered":"<p>Auto\u0159i: Clinton Ober; Stephen T. Sinatra; Martin Zucker<\/p>\n<p data-start=\"170\" data-end=\"493\">Kniha <strong data-start=\"176\" data-end=\"223\">Uzemn\u011bn\u00ed \u2013 zdrav\u00ed prosp\u011b\u0161n\u00fd objev v\u0161ech dob<\/strong> p\u0159in\u00e1\u0161\u00ed srozumiteln\u00e9 vysv\u011btlen\u00ed fenom\u00e9nu uzemn\u011bn\u00ed, kter\u00fd v&nbsp;posledn\u00edch letech z\u00edsk\u00e1v\u00e1 pozornost po&nbsp;cel\u00e9m sv\u011bt\u011b. Auto\u0159i podrobn\u011b popisuj\u00ed, jak tento koncept vznikl, na jak\u00fdch fyzik\u00e1ln\u00edch a&nbsp;biologick\u00fdch principech je zalo\u017een a&nbsp;jak\u00e9 v\u00fdzkumy a&nbsp;studie byly v&nbsp;t\u00e9to oblasti realizov\u00e1ny.<\/p>\n<p data-start=\"495\" data-end=\"847\">V\u00fdznamn\u00e1 \u010d\u00e1st knihy se v\u011bnuje souvislostem mezi uzemn\u011bn\u00edm a&nbsp;procesy v&nbsp;lidsk\u00e9m t\u011ble, zejm\u00e9na t\u00e9matu chronick\u00e9ho z\u00e1n\u011btu, regenerace, sp\u00e1nku a&nbsp;celkov\u00e9 rovnov\u00e1hy organismu. Auto\u0159i p\u0159edstavuj\u00ed studie zam\u011b\u0159en\u00e9 na vliv kontaktu se Zem\u00ed na fyziologick\u00e9 procesy a&nbsp;vysv\u011btluj\u00ed, pro\u010d m\u016f\u017ee b\u00fdt p\u0159irozen\u00fd elektrick\u00fd potenci\u00e1l Zem\u011b pro lidsk\u00e9 t\u011blo pozitivn\u00edm faktorem.<\/p>\n<p data-start=\"849\" data-end=\"1167\">Sou\u010d\u00e1st\u00ed knihy jsou skute\u010dn\u00e9 p\u0159\u00edb\u011bhy lid\u00ed, kte\u0159\u00ed popisuj\u00ed sv\u00e9 zku\u0161enosti po&nbsp;za\u0159azen\u00ed uzemn\u011bn\u00ed do ka\u017edodenn\u00edho \u017eivota, a&nbsp;tak\u00e9 koment\u00e1\u0159e l\u00e9ka\u0159\u016f, terapeut\u016f a&nbsp;dal\u0161\u00edch odborn\u00edk\u016f, kte\u0159\u00ed se t\u00e9matu v\u011bnovali z&nbsp;profesion\u00e1ln\u00ed perspektivy. \u010cten\u00e1\u0159 tak z\u00edsk\u00e1 nejen teoretick\u00fd z\u00e1klad, ale i&nbsp;\u0161ir\u0161\u00ed kontext a&nbsp;konkr\u00e9tn\u00ed pohledy z&nbsp;praxe.<\/p>\n<p data-start=\"1169\" data-end=\"1408\">Publikace je vhodn\u00e1 pro ka\u017ed\u00e9ho, kdo se chce o&nbsp;uzemn\u011bn\u00ed dozv\u011bd\u011bt v\u00edce do hloubky, pochopit mo\u017en\u00e9 souvislosti mezi modern\u00edm \u017eivotn\u00edm stylem a&nbsp;ztr\u00e1tou kontaktu se Zem\u00ed a&nbsp;vytvo\u0159it si na toto t\u00e9ma vlastn\u00ed n\u00e1zor na z\u00e1klad\u011b dostupn\u00fdch informac\u00ed.<\/p>","protected":false},"featured_media":617,"comment_status":"open","ping_status":"closed","template":"","meta":{"_acf_changed":false,"inline_featured_image":false},"product_brand":[],"product_cat":[56],"product_tag":[],"class_list":{"0":"post-615","1":"product","2":"type-product","3":"status-publish","4":"has-post-thumbnail","6":"product_cat-knihy","8":"first","9":"instock","10":"shipping-taxable","11":"purchasable","12":"product-type-simple"},"acf":[],"yoast_head":"<!-- This site is optimized with the Yoast SEO plugin v27.3 - https:\/\/yoast.com\/product\/yoast-seo-wordpress\/ -->\n<title>Uzemn\u011bn\u00ed - zdrav\u00ed prosp\u011b\u0161n\u00fd objev v\u0161ech dob - Va\u0161eUzemn\u011bn\u00ed.cz - Uzem\u0148ovac\u00ed prost\u011bradla a podlo\u017eky<\/title>\n<meta name=\"robots\" content=\"index, follow, max-snippet:-1, max-image-preview:large, max-video-preview:-1\" \/>\n<link rel=\"canonical\" href=\"https:\/\/www.vaseuzemneni.cz\/sk\/produkt\/kniha-uzemneni-zdravi-prospesny-objev-vsech-dob\/\" \/>\n<script type=\"application\/ld+json\" class=\"yoast-schema-graph\">{\"@context\":\"https:\\\/\\\/schema.org\",\"@graph\":[{\"@type\":\"BreadcrumbList\",\"@id\":\"https:\\\/\\\/www.vaseuzemneni.cz\\\/produkt\\\/kniha-uzemneni-zdravi-prospesny-objev-vsech-dob\\\/#breadcrumb\",\"itemListElement\":[{\"@type\":\"ListItem\",\"position\":1,\"name\":\"Dom\u016f\",\"item\":\"https:\\\/\\\/www.vaseuzemneni.cz\\\/\"},{\"@type\":\"ListItem\",\"position\":2,\"name\":\"Obchod\",\"item\":\"https:\\\/\\\/www.vaseuzemneni.cz\\\/obchod\\\/\"},{\"@type\":\"ListItem\",\"position\":3,\"name\":\"Uzemn\u011bn\u00ed &#8211; zdrav\u00ed prosp\u011b\u0161n\u00fd objev v\u0161ech dob\"}]}]}<\/script>\n<!-- \/ Yoast SEO plugin. -->","yoast_head_json":{"title":"Uzemn\u011bn\u00ed - zdrav\u00ed prosp\u011b\u0161n\u00fd objev v\u0161ech dob - Va\u0161eUzemn\u011bn\u00ed.cz - Uzem\u0148ovac\u00ed prost\u011bradla a podlo\u017eky","robots":{"index":"index","follow":"follow","max-snippet":"max-snippet:-1","max-image-preview":"max-image-preview:large","max-video-preview":"max-video-preview:-1"},"canonical":"https:\/\/www.vaseuzemneni.cz\/sk\/produkt\/kniha-uzemneni-zdravi-prospesny-objev-vsech-dob\/","schema":{"@context":"https:\/\/schema.org","@graph":[{"@type":"BreadcrumbList","@id":"https:\/\/www.vaseuzemneni.cz\/produkt\/kniha-uzemneni-zdravi-prospesny-objev-vsech-dob\/#breadcrumb","itemListElement":[{"@type":"ListItem","position":1,"name":"Dom\u016f","item":"https:\/\/www.vaseuzemneni.cz\/"},{"@type":"ListItem","position":2,"name":"Obchod","item":"https:\/\/www.vaseuzemneni.cz\/obchod\/"},{"@type":"ListItem","position":3,"name":"Uzemn\u011bn\u00ed &#8211; zdrav\u00ed prosp\u011b\u0161n\u00fd objev v\u0161ech dob"}]}]}},"_links":{"self":[{"href":"https:\/\/www.vaseuzemneni.cz\/sk\/wp-json\/wp\/v2\/product\/615","targetHints":{"allow":["GET"]}}],"collection":[{"href":"https:\/\/www.vaseuzemneni.cz\/sk\/wp-json\/wp\/v2\/product"}],"about":[{"href":"https:\/\/www.vaseuzemneni.cz\/sk\/wp-json\/wp\/v2\/types\/product"}],"replies":[{"embeddable":true,"href":"https:\/\/www.vaseuzemneni.cz\/sk\/wp-json\/wp\/v2\/comments?post=615"}],"version-history":[{"count":28,"href":"https:\/\/www.vaseuzemneni.cz\/sk\/wp-json\/wp\/v2\/product\/615\/revisions"}],"predecessor-version":[{"id":6544,"href":"https:\/\/www.vaseuzemneni.cz\/sk\/wp-json\/wp\/v2\/product\/615\/revisions\/6544"}],"wp:featuredmedia":[{"embeddable":true,"href":"https:\/\/www.vaseuzemneni.cz\/sk\/wp-json\/wp\/v2\/media\/617"}],"wp:attachment":[{"href":"https:\/\/www.vaseuzemneni.cz\/sk\/wp-json\/wp\/v2\/media?parent=615"}],"wp:term":[{"taxonomy":"product_brand","embeddable":true,"href":"https:\/\/www.vaseuzemneni.cz\/sk\/wp-json\/wp\/v2\/product_brand?post=615"},{"taxonomy":"product_cat","embeddable":true,"href":"https:\/\/www.vaseuzemneni.cz\/sk\/wp-json\/wp\/v2\/product_cat?post=615"},{"taxonomy":"product_tag","embeddable":true,"href":"https:\/\/www.vaseuzemneni.cz\/sk\/wp-json\/wp\/v2\/product_tag?post=615"}],"curies":[{"name":"wp","href":"https:\/\/api.w.org\/{rel}","templated":true}]}}