{"id":6223,"date":"2026-02-16T14:35:03","date_gmt":"2026-02-16T14:35:03","guid":{"rendered":"https:\/\/www.vaseuzemneni.cz\/?post_type=product&#038;p=6223"},"modified":"2026-04-10T11:54:30","modified_gmt":"2026-04-10T11:54:30","slug":"vodive-nalepky-pro-lokalni-uzemneni-ekg-elektrody","status":"publish","type":"product","link":"https:\/\/www.vaseuzemneni.cz\/sk\/produkt\/vodive-nalepky-pro-lokalni-uzemneni-ekg-elektrody\/","title":{"rendered":"Vodiv\u00e9 n\u00e1lepky pro lok\u00e1ln\u00ed uzemn\u011bn\u00ed \/ EKG elektrody"},"content":{"rendered":"<p>EKG elektrody Dahlhausen jsou prim\u00e1rn\u011b pou\u017e\u00edv\u00e1ny pro vy\u0161et\u0159en\u00ed EKG. Jsou vodiv\u00e9 a&nbsp;proto velmi dob\u0159e pou\u017eiteln\u00e9 pro lok\u00e1ln\u00ed (m\u00edstn\u00ed) uzemn\u011bn\u00ed libovoln\u00e9 \u010d\u00e1sti t\u011bla.<\/p>\n<p>V balen\u00ed je 30ks n\u00e1lepek. N\u00e1lepky jsou hygienicky balen\u00e9, prim\u00e1rn\u011b jsou pro jednor\u00e1zov\u00e9 pou\u017eit\u00ed, ale p\u0159i&nbsp;opatrn\u00e9 manipulaci je mo\u017en\u00e9 je bez probl\u00e9m\u016f pou\u017e\u00edt v\u00edcekr\u00e1t.<\/p>\n<p>K jejich pou\u017eit\u00ed budete pot\u0159eboval je\u0161t\u011b uzem\u0148uj\u00edc\u00ed z\u00e1suvku s&nbsp;kabelem \u010di&nbsp;uzem\u0148ovac\u00ed kol\u00edk.<\/p>\n\n\n<p><\/p>","protected":false},"excerpt":{"rendered":"<p>EKG elektrody Dahlhausen jsou prim\u00e1rn\u011b pou\u017e\u00edv\u00e1ny pro vy\u0161et\u0159en\u00ed EKG. Jsou vodiv\u00e9 a&nbsp;proto velmi dob\u0159e pou\u017eiteln\u00e9 pro lok\u00e1ln\u00ed (m\u00edstn\u00ed) uzemn\u011bn\u00ed libovoln\u00e9 \u010d\u00e1sti t\u011bla.<\/p>\n<p>V balen\u00ed je 30ks n\u00e1lepek. N\u00e1lepky jsou hygienicky balen\u00e9, prim\u00e1rn\u011b jsou pro jednor\u00e1zov\u00e9 pou\u017eit\u00ed, ale p\u0159i&nbsp;opatrn\u00e9 manipulaci je mo\u017en\u00e9 je bez probl\u00e9m\u016f pou\u017e\u00edt v\u00edcekr\u00e1t.<\/p>\n<p>K jejich pou\u017eit\u00ed budete pot\u0159eboval je\u0161t\u011b uzem\u0148uj\u00edc\u00ed z\u00e1suvku s&nbsp;kabelem \u010di&nbsp;uzem\u0148ovac\u00ed kol\u00edk.<\/p>","protected":false},"featured_media":6228,"comment_status":"open","ping_status":"closed","template":"","meta":{"_acf_changed":false,"inline_featured_image":false},"product_brand":[],"product_cat":[57],"product_tag":[],"class_list":{"0":"post-6223","1":"product","2":"type-product","3":"status-publish","4":"has-post-thumbnail","6":"product_cat-doplnky-k-produktum","8":"first","9":"instock","10":"shipping-taxable","11":"purchasable","12":"product-type-simple"},"acf":[],"yoast_head":"<!-- This site is optimized with the Yoast SEO plugin v27.3 - https:\/\/yoast.com\/product\/yoast-seo-wordpress\/ -->\n<title>Vodiv\u00e9 n\u00e1lepky pro lok\u00e1ln\u00ed uzemn\u011bn\u00ed \/ EKG elektrody - Va\u0161eUzemn\u011bn\u00ed.cz - Uzem\u0148ovac\u00ed prost\u011bradla a podlo\u017eky<\/title>\n<meta name=\"robots\" content=\"index, follow, max-snippet:-1, max-image-preview:large, max-video-preview:-1\" \/>\n<link rel=\"canonical\" href=\"https:\/\/www.vaseuzemneni.cz\/sk\/produkt\/vodive-nalepky-pro-lokalni-uzemneni-ekg-elektrody\/\" \/>\n<script type=\"application\/ld+json\" class=\"yoast-schema-graph\">{\"@context\":\"https:\\\/\\\/schema.org\",\"@graph\":[{\"@type\":\"BreadcrumbList\",\"@id\":\"https:\\\/\\\/www.vaseuzemneni.cz\\\/produkt\\\/vodive-nalepky-pro-lokalni-uzemneni-ekg-elektrody\\\/#breadcrumb\",\"itemListElement\":[{\"@type\":\"ListItem\",\"position\":1,\"name\":\"Dom\u016f\",\"item\":\"https:\\\/\\\/www.vaseuzemneni.cz\\\/\"},{\"@type\":\"ListItem\",\"position\":2,\"name\":\"Obchod\",\"item\":\"https:\\\/\\\/www.vaseuzemneni.cz\\\/obchod\\\/\"},{\"@type\":\"ListItem\",\"position\":3,\"name\":\"Vodiv\u00e9 n\u00e1lepky pro lok\u00e1ln\u00ed uzemn\u011bn\u00ed \\\/ EKG elektrody\"}]}]}<\/script>\n<!-- \/ Yoast SEO plugin. -->","yoast_head_json":{"title":"Vodiv\u00e9 n\u00e1lepky pro lok\u00e1ln\u00ed uzemn\u011bn\u00ed \/ EKG elektrody - Va\u0161eUzemn\u011bn\u00ed.cz - Uzem\u0148ovac\u00ed prost\u011bradla a podlo\u017eky","robots":{"index":"index","follow":"follow","max-snippet":"max-snippet:-1","max-image-preview":"max-image-preview:large","max-video-preview":"max-video-preview:-1"},"canonical":"https:\/\/www.vaseuzemneni.cz\/sk\/produkt\/vodive-nalepky-pro-lokalni-uzemneni-ekg-elektrody\/","schema":{"@context":"https:\/\/schema.org","@graph":[{"@type":"BreadcrumbList","@id":"https:\/\/www.vaseuzemneni.cz\/produkt\/vodive-nalepky-pro-lokalni-uzemneni-ekg-elektrody\/#breadcrumb","itemListElement":[{"@type":"ListItem","position":1,"name":"Dom\u016f","item":"https:\/\/www.vaseuzemneni.cz\/"},{"@type":"ListItem","position":2,"name":"Obchod","item":"https:\/\/www.vaseuzemneni.cz\/obchod\/"},{"@type":"ListItem","position":3,"name":"Vodiv\u00e9 n\u00e1lepky pro lok\u00e1ln\u00ed uzemn\u011bn\u00ed \/ EKG elektrody"}]}]}},"_links":{"self":[{"href":"https:\/\/www.vaseuzemneni.cz\/sk\/wp-json\/wp\/v2\/product\/6223","targetHints":{"allow":["GET"]}}],"collection":[{"href":"https:\/\/www.vaseuzemneni.cz\/sk\/wp-json\/wp\/v2\/product"}],"about":[{"href":"https:\/\/www.vaseuzemneni.cz\/sk\/wp-json\/wp\/v2\/types\/product"}],"replies":[{"embeddable":true,"href":"https:\/\/www.vaseuzemneni.cz\/sk\/wp-json\/wp\/v2\/comments?post=6223"}],"version-history":[{"count":4,"href":"https:\/\/www.vaseuzemneni.cz\/sk\/wp-json\/wp\/v2\/product\/6223\/revisions"}],"predecessor-version":[{"id":6230,"href":"https:\/\/www.vaseuzemneni.cz\/sk\/wp-json\/wp\/v2\/product\/6223\/revisions\/6230"}],"wp:featuredmedia":[{"embeddable":true,"href":"https:\/\/www.vaseuzemneni.cz\/sk\/wp-json\/wp\/v2\/media\/6228"}],"wp:attachment":[{"href":"https:\/\/www.vaseuzemneni.cz\/sk\/wp-json\/wp\/v2\/media?parent=6223"}],"wp:term":[{"taxonomy":"product_brand","embeddable":true,"href":"https:\/\/www.vaseuzemneni.cz\/sk\/wp-json\/wp\/v2\/product_brand?post=6223"},{"taxonomy":"product_cat","embeddable":true,"href":"https:\/\/www.vaseuzemneni.cz\/sk\/wp-json\/wp\/v2\/product_cat?post=6223"},{"taxonomy":"product_tag","embeddable":true,"href":"https:\/\/www.vaseuzemneni.cz\/sk\/wp-json\/wp\/v2\/product_tag?post=6223"}],"curies":[{"name":"wp","href":"https:\/\/api.w.org\/{rel}","templated":true}]}}