{"id":6246,"date":"2026-02-16T15:32:59","date_gmt":"2026-02-16T15:32:59","guid":{"rendered":"https:\/\/www.vaseuzemneni.cz\/?post_type=product&#038;p=6246"},"modified":"2026-04-09T22:13:55","modified_gmt":"2026-04-09T22:13:55","slug":"uzemnovaci-pas-na-telo-120x16cm","status":"publish","type":"product","link":"https:\/\/www.vaseuzemneni.cz\/sk\/produkt\/uzemnovaci-pas-na-telo-120x16cm\/","title":{"rendered":"Uzem\u0148ovac\u00ed p\u00e1s na t\u011blo (120x16cm)"},"content":{"rendered":"<p data-start=\"161\" data-end=\"416\">Uzem\u0148ovac\u00ed p\u00e1s je praktick\u00e1 pom\u016fcka pro p\u0159\u00edm\u00e9 lok\u00e1ln\u00ed uzemn\u011bn\u00ed vybran\u00fdch \u010d\u00e1st\u00ed t\u011bla. Snadno jej omot\u00e1te kolem m\u00edsta, kde chcete m\u00edt kontakt s&nbsp;uzem\u0148ovac\u00edm materi\u00e1lem \u2014 nap\u0159\u00edklad kolem kotn\u00edku, kolene, lokte, pasu, zad nebo b\u0159icha. P\u00e1s je navr\u017een tak, aby byl p\u0159\u00edjemn\u00fd na no\u0161en\u00ed, m\u011bkk\u00fd, poddajn\u00fd a&nbsp;dob\u0159e se p\u0159izp\u016fsobil tvaru t\u011bla.\u00a0<\/p>\n<p data-start=\"683\" data-end=\"978\">D\u00edky sv\u00e9 univerz\u00e1lnosti m\u016f\u017ee b\u00fdt uzem\u0148ovac\u00ed p\u00e1s u\u017eite\u010dn\u00fdm dopl\u0148kem pro ka\u017ed\u00e9ho, kdo preferuje lok\u00e1ln\u00ed formu uzemn\u011bn\u00ed nam\u00edsto v\u011bt\u0161\u00edch uzem\u0148ovac\u00edch podlo\u017eek \u010di&nbsp;prost\u011bradel.\u00a0<\/p>\n\n\n<p><\/p>","protected":false},"excerpt":{"rendered":"<p data-start=\"161\" data-end=\"416\">Uzem\u0148ovac\u00ed p\u00e1s je praktick\u00e1 pom\u016fcka pro p\u0159\u00edm\u00e9 lok\u00e1ln\u00ed uzemn\u011bn\u00ed vybran\u00fdch \u010d\u00e1st\u00ed t\u011bla. Snadno jej omot\u00e1te kolem m\u00edsta, kde chcete m\u00edt kontakt s&nbsp;uzem\u0148ovac\u00edm materi\u00e1lem \u2014 nap\u0159\u00edklad kolem kotn\u00edku, kolene, lokte, pasu, zad nebo b\u0159icha. P\u00e1s je navr\u017een tak, aby byl p\u0159\u00edjemn\u00fd na no\u0161en\u00ed, m\u011bkk\u00fd, poddajn\u00fd a&nbsp;dob\u0159e se p\u0159izp\u016fsobil tvaru t\u011bla.\u00a0<\/p>\n<p data-start=\"683\" data-end=\"978\">D\u00edky sv\u00e9 univerz\u00e1lnosti m\u016f\u017ee b\u00fdt uzem\u0148ovac\u00ed p\u00e1s u\u017eite\u010dn\u00fdm dopl\u0148kem pro ka\u017ed\u00e9ho, kdo preferuje lok\u00e1ln\u00ed formu uzemn\u011bn\u00ed nam\u00edsto v\u011bt\u0161\u00edch uzem\u0148ovac\u00edch podlo\u017eek \u010di&nbsp;prost\u011bradel.\u00a0<\/p>","protected":false},"featured_media":6250,"comment_status":"open","ping_status":"closed","template":"","meta":{"_acf_changed":false,"inline_featured_image":false},"product_brand":[],"product_cat":[24],"product_tag":[],"class_list":{"0":"post-6246","1":"product","2":"type-product","3":"status-publish","4":"has-post-thumbnail","6":"product_cat-uzemnovaci-podlozky","8":"first","9":"instock","10":"shipping-taxable","11":"purchasable","12":"product-type-simple"},"acf":[],"yoast_head":"<!-- This site is optimized with the Yoast SEO plugin v27.3 - https:\/\/yoast.com\/product\/yoast-seo-wordpress\/ -->\n<title>Uzem\u0148ovac\u00ed p\u00e1s na t\u011blo (120x16cm) - Va\u0161eUzemn\u011bn\u00ed.cz - Uzem\u0148ovac\u00ed prost\u011bradla a podlo\u017eky<\/title>\n<meta name=\"robots\" content=\"index, follow, max-snippet:-1, max-image-preview:large, max-video-preview:-1\" \/>\n<link rel=\"canonical\" href=\"https:\/\/www.vaseuzemneni.cz\/sk\/produkt\/uzemnovaci-pas-na-telo-120x16cm\/\" \/>\n<script type=\"application\/ld+json\" class=\"yoast-schema-graph\">{\"@context\":\"https:\\\/\\\/schema.org\",\"@graph\":[{\"@type\":\"BreadcrumbList\",\"@id\":\"https:\\\/\\\/www.vaseuzemneni.cz\\\/produkt\\\/uzemnovaci-pas-na-telo-120x16cm\\\/#breadcrumb\",\"itemListElement\":[{\"@type\":\"ListItem\",\"position\":1,\"name\":\"Dom\u016f\",\"item\":\"https:\\\/\\\/www.vaseuzemneni.cz\\\/\"},{\"@type\":\"ListItem\",\"position\":2,\"name\":\"Obchod\",\"item\":\"https:\\\/\\\/www.vaseuzemneni.cz\\\/obchod\\\/\"},{\"@type\":\"ListItem\",\"position\":3,\"name\":\"Uzem\u0148ovac\u00ed p\u00e1s na t\u011blo (120x16cm)\"}]}]}<\/script>\n<!-- \/ Yoast SEO plugin. -->","yoast_head_json":{"title":"Uzem\u0148ovac\u00ed p\u00e1s na t\u011blo (120x16cm) - Va\u0161eUzemn\u011bn\u00ed.cz - Uzem\u0148ovac\u00ed prost\u011bradla a podlo\u017eky","robots":{"index":"index","follow":"follow","max-snippet":"max-snippet:-1","max-image-preview":"max-image-preview:large","max-video-preview":"max-video-preview:-1"},"canonical":"https:\/\/www.vaseuzemneni.cz\/sk\/produkt\/uzemnovaci-pas-na-telo-120x16cm\/","schema":{"@context":"https:\/\/schema.org","@graph":[{"@type":"BreadcrumbList","@id":"https:\/\/www.vaseuzemneni.cz\/produkt\/uzemnovaci-pas-na-telo-120x16cm\/#breadcrumb","itemListElement":[{"@type":"ListItem","position":1,"name":"Dom\u016f","item":"https:\/\/www.vaseuzemneni.cz\/"},{"@type":"ListItem","position":2,"name":"Obchod","item":"https:\/\/www.vaseuzemneni.cz\/obchod\/"},{"@type":"ListItem","position":3,"name":"Uzem\u0148ovac\u00ed p\u00e1s na t\u011blo (120x16cm)"}]}]}},"_links":{"self":[{"href":"https:\/\/www.vaseuzemneni.cz\/sk\/wp-json\/wp\/v2\/product\/6246","targetHints":{"allow":["GET"]}}],"collection":[{"href":"https:\/\/www.vaseuzemneni.cz\/sk\/wp-json\/wp\/v2\/product"}],"about":[{"href":"https:\/\/www.vaseuzemneni.cz\/sk\/wp-json\/wp\/v2\/types\/product"}],"replies":[{"embeddable":true,"href":"https:\/\/www.vaseuzemneni.cz\/sk\/wp-json\/wp\/v2\/comments?post=6246"}],"version-history":[{"count":6,"href":"https:\/\/www.vaseuzemneni.cz\/sk\/wp-json\/wp\/v2\/product\/6246\/revisions"}],"predecessor-version":[{"id":6455,"href":"https:\/\/www.vaseuzemneni.cz\/sk\/wp-json\/wp\/v2\/product\/6246\/revisions\/6455"}],"wp:featuredmedia":[{"embeddable":true,"href":"https:\/\/www.vaseuzemneni.cz\/sk\/wp-json\/wp\/v2\/media\/6250"}],"wp:attachment":[{"href":"https:\/\/www.vaseuzemneni.cz\/sk\/wp-json\/wp\/v2\/media?parent=6246"}],"wp:term":[{"taxonomy":"product_brand","embeddable":true,"href":"https:\/\/www.vaseuzemneni.cz\/sk\/wp-json\/wp\/v2\/product_brand?post=6246"},{"taxonomy":"product_cat","embeddable":true,"href":"https:\/\/www.vaseuzemneni.cz\/sk\/wp-json\/wp\/v2\/product_cat?post=6246"},{"taxonomy":"product_tag","embeddable":true,"href":"https:\/\/www.vaseuzemneni.cz\/sk\/wp-json\/wp\/v2\/product_tag?post=6246"}],"curies":[{"name":"wp","href":"https:\/\/api.w.org\/{rel}","templated":true}]}}